{"id":10,"date":"2015-03-11T12:29:20","date_gmt":"2015-03-11T11:29:20","guid":{"rendered":"http:\/\/ie-burmester.de\/?page_id=10"},"modified":"2020-03-02T16:12:14","modified_gmt":"2020-03-02T15:12:14","slug":"impressum","status":"publish","type":"page","link":"https:\/\/ie-burmester.de\/?page_id=10","title":{"rendered":"Impressum"},"content":{"rendered":"<h2>Impressum &#8211; Angaben gem\u00e4\u00df \u00a7 5 TMG:<\/h2>\n<p>Inhaber: Christian Burmester<br \/>\nName und Sitz der Gesellschaft:<br \/>\nImport &amp; Export &#8211; Christian Burmester<br \/>\nGluckstra\u00dfe 54<br \/>\n45966 Gladbeck &#8211; Zweckel<br \/>\nDeutschland<\/p>\n<p>Plattform der EU-Kommission zur Online-Streitbeilegung: <a href=\"https:\/\/ec.europa.eu\/odr\" target=\"_blank\" rel=\"noopener noreferrer\">https:\/\/ec.europa.eu\/odr<\/a><\/p>\n<p>Wir sind zur Teilnahme an einem Streitbeilegungsverfahren vor einer Verbraucherschlichtungsstelle weder verpflichtet noch bereit.<\/p>\n<h2>Kontakt:<\/h2>\n<table>\n<tbody>\n<tr>\n<td>Telefon:<\/td>\n<td>+49 (0) 2043\/59614<\/td>\n<\/tr>\n<tr>\n<td>Telefax:<\/td>\n<td>+49 (0) 2043\/9424975<\/td>\n<\/tr>\n<tr>\n<td>E-Mail:<\/td>\n<td>ch.burmester@ie-burmester.de<\/td>\n<\/tr>\n<\/tbody>\n<\/table>\n<h2>Steuer:<\/h2>\n<p>Umsatzsteuer-Identifikationsnummer gem\u00e4\u00df \u00a727 a Umsatzsteuergesetz:<br \/>\nDE 297713031<\/p>\n<h2>Aufsichtsbeh\u00f6rde:<\/h2>\n<p>keine, Gewerbeanmeldung bei der Stadt Gladbeck als Einzelunternehmung.<\/p>\n<h2>Angaben zur Berufshaftpflichtversicherung \/ Produkthaftpflichtversicherung:<\/h2>\n<p>Name und Sitz der Gesellschaft:<br \/>\nWestf\u00e4lische Provinzial<br \/>\nProvinzial-Alle 1<br \/>\n48131 M\u00fcnster<\/p>\n<p>Geltungsraum der Versicherung:<br \/>\nImport: Welt weit<br \/>\nExport: Europa<\/p>\n<p>Mit dem Urteil vom 12. Mai 1998 hat das Landgericht Hamburg entschieden, dass man durch die Anbringung eines Links die Inhalte der gelinkten Seiten ggf. mit zu verantworten hat. Dies kann nur dadurch verhindert werden, dass man sich ausdr\u00fccklich von diesem Inhalt distanziert.<\/p>\n<p>F\u00fcr alle Links auf dieser Homepage gilt: Ich distanziere mich hiermit ausdr\u00fccklich von allen Inhalten aller verlinkten Seitenadressen auf meiner Homepage und mache mir diese Inhalte nicht zu eigen.<\/p>\n<p>Quelle des Impressum: <em><a href=\"http:\/\/www.e-recht24.de\">http:\/\/www.e-recht24.de und IT Recht<\/a><\/em><\/p>\n","protected":false},"excerpt":{"rendered":"<p>Impressum &#8211; Angaben gem\u00e4\u00df \u00a7 5 TMG: Inhaber: Christian Burmester Name und Sitz der Gesellschaft: Import &amp; Export &#8211; Christian Burmester Gluckstra\u00dfe 54 45966 Gladbeck &#8211; Zweckel Deutschland Plattform der EU-Kommission zur Online-Streitbeilegung: https:\/\/ec.europa.eu\/odr Wir sind zur Teilnahme an einem Streitbeilegungsverfahren vor einer Verbraucherschlichtungsstelle weder verpflichtet noch bereit. Kontakt: Telefon: +49 (0) 2043\/59614 Telefax: +49 &hellip; <a href=\"https:\/\/ie-burmester.de\/?page_id=10\" class=\"more-link\"><span class=\"screen-reader-text\">Impressum<\/span> weiterlesen <span class=\"meta-nav\">&rarr;<\/span><\/a><\/p>\n","protected":false},"author":1,"featured_media":0,"parent":0,"menu_order":6,"comment_status":"open","ping_status":"open","template":"","meta":{"footnotes":""},"class_list":["post-10","page","type-page","status-publish","hentry"],"yoast_head":"<!-- This site is optimized with the Yoast SEO plugin v27.4 - https:\/\/yoast.com\/product\/yoast-seo-wordpress\/ -->\n<title>Impressum - Gesch\u00e4ftsidee<\/title>\n<meta name=\"robots\" content=\"index, follow, max-snippet:-1, max-image-preview:large, max-video-preview:-1\" \/>\n<link rel=\"canonical\" href=\"http:\/\/ie-burmester.de\/?page_id=10\" \/>\n<meta property=\"og:locale\" content=\"de_DE\" \/>\n<meta property=\"og:type\" content=\"article\" \/>\n<meta property=\"og:title\" content=\"Impressum - Gesch\u00e4ftsidee\" \/>\n<meta property=\"og:description\" content=\"Impressum &#8211; Angaben gem\u00e4\u00df \u00a7 5 TMG: Inhaber: Christian Burmester Name und Sitz der Gesellschaft: Import &amp; Export &#8211; Christian Burmester Gluckstra\u00dfe 54 45966 Gladbeck &#8211; Zweckel Deutschland Plattform der EU-Kommission zur Online-Streitbeilegung: https:\/\/ec.europa.eu\/odr Wir sind zur Teilnahme an einem Streitbeilegungsverfahren vor einer Verbraucherschlichtungsstelle weder verpflichtet noch bereit. Kontakt: Telefon: +49 (0) 2043\/59614 Telefax: +49 &hellip; Impressum weiterlesen &rarr;\" \/>\n<meta property=\"og:url\" content=\"http:\/\/ie-burmester.de\/?page_id=10\" \/>\n<meta property=\"og:site_name\" content=\"Gesch\u00e4ftsidee\" \/>\n<meta property=\"article:modified_time\" content=\"2020-03-02T15:12:14+00:00\" \/>\n<meta name=\"twitter:label1\" content=\"Gesch\u00e4tzte Lesezeit\" \/>\n\t<meta name=\"twitter:data1\" content=\"1\u00a0Minute\" \/>\n<script type=\"application\/ld+json\" class=\"yoast-schema-graph\">{\"@context\":\"https:\\\/\\\/schema.org\",\"@graph\":[{\"@type\":\"WebPage\",\"@id\":\"http:\\\/\\\/ie-burmester.de\\\/?page_id=10\",\"url\":\"http:\\\/\\\/ie-burmester.de\\\/?page_id=10\",\"name\":\"Impressum - Gesch\u00e4ftsidee\",\"isPartOf\":{\"@id\":\"http:\\\/\\\/ie-burmester.de\\\/#website\"},\"datePublished\":\"2015-03-11T11:29:20+00:00\",\"dateModified\":\"2020-03-02T15:12:14+00:00\",\"breadcrumb\":{\"@id\":\"http:\\\/\\\/ie-burmester.de\\\/?page_id=10#breadcrumb\"},\"inLanguage\":\"de\",\"potentialAction\":[{\"@type\":\"ReadAction\",\"target\":[\"http:\\\/\\\/ie-burmester.de\\\/?page_id=10\"]}]},{\"@type\":\"BreadcrumbList\",\"@id\":\"http:\\\/\\\/ie-burmester.de\\\/?page_id=10#breadcrumb\",\"itemListElement\":[{\"@type\":\"ListItem\",\"position\":1,\"name\":\"Home\",\"item\":\"http:\\\/\\\/ie-burmester.de\\\/\"},{\"@type\":\"ListItem\",\"position\":2,\"name\":\"Impressum\"}]},{\"@type\":\"WebSite\",\"@id\":\"http:\\\/\\\/ie-burmester.de\\\/#website\",\"url\":\"http:\\\/\\\/ie-burmester.de\\\/\",\"name\":\"Gesch\u00e4ftsidee\",\"description\":\"Startseite\",\"potentialAction\":[{\"@type\":\"SearchAction\",\"target\":{\"@type\":\"EntryPoint\",\"urlTemplate\":\"http:\\\/\\\/ie-burmester.de\\\/?s={search_term_string}\"},\"query-input\":{\"@type\":\"PropertyValueSpecification\",\"valueRequired\":true,\"valueName\":\"search_term_string\"}}],\"inLanguage\":\"de\"}]}<\/script>\n<!-- \/ Yoast SEO plugin. -->","yoast_head_json":{"title":"Impressum - Gesch\u00e4ftsidee","robots":{"index":"index","follow":"follow","max-snippet":"max-snippet:-1","max-image-preview":"max-image-preview:large","max-video-preview":"max-video-preview:-1"},"canonical":"http:\/\/ie-burmester.de\/?page_id=10","og_locale":"de_DE","og_type":"article","og_title":"Impressum - Gesch\u00e4ftsidee","og_description":"Impressum &#8211; Angaben gem\u00e4\u00df \u00a7 5 TMG: Inhaber: Christian Burmester Name und Sitz der Gesellschaft: Import &amp; Export &#8211; Christian Burmester Gluckstra\u00dfe 54 45966 Gladbeck &#8211; Zweckel Deutschland Plattform der EU-Kommission zur Online-Streitbeilegung: https:\/\/ec.europa.eu\/odr Wir sind zur Teilnahme an einem Streitbeilegungsverfahren vor einer Verbraucherschlichtungsstelle weder verpflichtet noch bereit. Kontakt: Telefon: +49 (0) 2043\/59614 Telefax: +49 &hellip; Impressum weiterlesen &rarr;","og_url":"http:\/\/ie-burmester.de\/?page_id=10","og_site_name":"Gesch\u00e4ftsidee","article_modified_time":"2020-03-02T15:12:14+00:00","twitter_misc":{"Gesch\u00e4tzte Lesezeit":"1\u00a0Minute"},"schema":{"@context":"https:\/\/schema.org","@graph":[{"@type":"WebPage","@id":"http:\/\/ie-burmester.de\/?page_id=10","url":"http:\/\/ie-burmester.de\/?page_id=10","name":"Impressum - Gesch\u00e4ftsidee","isPartOf":{"@id":"http:\/\/ie-burmester.de\/#website"},"datePublished":"2015-03-11T11:29:20+00:00","dateModified":"2020-03-02T15:12:14+00:00","breadcrumb":{"@id":"http:\/\/ie-burmester.de\/?page_id=10#breadcrumb"},"inLanguage":"de","potentialAction":[{"@type":"ReadAction","target":["http:\/\/ie-burmester.de\/?page_id=10"]}]},{"@type":"BreadcrumbList","@id":"http:\/\/ie-burmester.de\/?page_id=10#breadcrumb","itemListElement":[{"@type":"ListItem","position":1,"name":"Home","item":"http:\/\/ie-burmester.de\/"},{"@type":"ListItem","position":2,"name":"Impressum"}]},{"@type":"WebSite","@id":"http:\/\/ie-burmester.de\/#website","url":"http:\/\/ie-burmester.de\/","name":"Gesch\u00e4ftsidee","description":"Startseite","potentialAction":[{"@type":"SearchAction","target":{"@type":"EntryPoint","urlTemplate":"http:\/\/ie-burmester.de\/?s={search_term_string}"},"query-input":{"@type":"PropertyValueSpecification","valueRequired":true,"valueName":"search_term_string"}}],"inLanguage":"de"}]}},"_links":{"self":[{"href":"https:\/\/ie-burmester.de\/index.php?rest_route=\/wp\/v2\/pages\/10","targetHints":{"allow":["GET"]}}],"collection":[{"href":"https:\/\/ie-burmester.de\/index.php?rest_route=\/wp\/v2\/pages"}],"about":[{"href":"https:\/\/ie-burmester.de\/index.php?rest_route=\/wp\/v2\/types\/page"}],"author":[{"embeddable":true,"href":"https:\/\/ie-burmester.de\/index.php?rest_route=\/wp\/v2\/users\/1"}],"replies":[{"embeddable":true,"href":"https:\/\/ie-burmester.de\/index.php?rest_route=%2Fwp%2Fv2%2Fcomments&post=10"}],"version-history":[{"count":7,"href":"https:\/\/ie-burmester.de\/index.php?rest_route=\/wp\/v2\/pages\/10\/revisions"}],"predecessor-version":[{"id":794,"href":"https:\/\/ie-burmester.de\/index.php?rest_route=\/wp\/v2\/pages\/10\/revisions\/794"}],"wp:attachment":[{"href":"https:\/\/ie-burmester.de\/index.php?rest_route=%2Fwp%2Fv2%2Fmedia&parent=10"}],"curies":[{"name":"wp","href":"https:\/\/api.w.org\/{rel}","templated":true}]}}