{"id":15,"date":"2015-03-11T12:29:20","date_gmt":"2015-03-11T11:29:20","guid":{"rendered":"http:\/\/ie-burmester.de\/?page_id=15"},"modified":"2025-09-02T08:04:55","modified_gmt":"2025-09-02T07:04:55","slug":"datenschutzerklaerung","status":"publish","type":"page","link":"https:\/\/ie-burmester.de\/?page_id=15","title":{"rendered":"Datenschutzerkl\u00e4rung"},"content":{"rendered":"<p>Datenschutzerkl\u00e4rung<br \/>\n1) Einleitung und Kontaktdaten des Verantwortlichen<br \/>\n1.1 Wir freuen uns, dass Sie unsere Website besuchen, und bedanken uns f\u00fcr Ihr<br \/>\nInteresse. Im Folgenden informieren wir Sie \u00fcber den Umgang mit Ihren<br \/>\npersonenbezogenen Daten bei der Nutzung unserer Website. Personenbezogene Daten<br \/>\nsind hierbei alle Daten, mit denen Sie pers\u00f6nlich identifiziert werden k\u00f6nnen.<br \/>\n1.2 Verantwortlicher f\u00fcr die Datenverarbeitung auf dieser Website im Sinne der<br \/>\nDatenschutz-Grundverordnung (DSGVO) ist Christian Burmester, IE-Burmester,<br \/>\nGluckstra\u00dfe 54, 45966 Gladbeck, Deutschland, Tel.: +49204359614, Fax:<br \/>\n+4920439424975, E-Mail: ch.burmester@ie-burmester.de. Der f\u00fcr die Verarbeitung von<br \/>\npersonenbezogenen Daten Verantwortliche ist diejenige nat\u00fcrliche oder juristische<br \/>\nPerson, die allein oder gemeinsam mit anderen \u00fcber die Zwecke und Mittel der<br \/>\nVerarbeitung von personenbezogenen Daten entscheidet.<\/p>\n<p>2) Datenerfassung beim Besuch unserer Website<br \/>\n2.1 Bei der blo\u00df informatorischen Nutzung unserer Website, also wenn Sie sich nicht<br \/>\nregistrieren oder uns anderweitig Informationen \u00fcbermitteln, erheben wir nur solche<br \/>\nDaten, die Ihr Browser an den Seitenserver \u00fcbermittelt (sog. \u201eServer-Logfiles\u201c). Wenn<br \/>\nSie unsere Website aufrufen, erheben wir die folgenden Daten, die f\u00fcr uns technisch<br \/>\nerforderlich sind, um Ihnen die Website anzuzeigen:<br \/>\n&#8211; Unsere besuchte Website<br \/>\n&#8211; Datum und Uhrzeit zum Zeitpunkt des Zugriffes<br \/>\n&#8211; Menge der gesendeten Daten in Byte<br \/>\n&#8211; Quelle\/Verweis, von welchem Sie auf die Seite gelangten<br \/>\n&#8211; Verwendeter Browser<br \/>\n&#8211; Verwendetes Betriebssystem<br \/>\n&#8211; Verwendete IP-Adresse (ggf.: in anonymisierter Form)<\/p>\n<p>Die Verarbeitung erfolgt gem\u00e4\u00df Art. 6 Abs. 1 lit. f DSGVO auf Basis unseres berechtigten<br \/>\nInteresses an der Verbesserung der Stabilit\u00e4t und Funktionalit\u00e4t unserer Website. Eine<br \/>\nWeitergabe oder anderweitige Verwendung der Daten findet nicht statt. Wir behalten<br \/>\nuns allerdings vor, die Server-Logfiles nachtr\u00e4glich zu \u00fcberpr\u00fcfen, sollten konkrete<br \/>\nAnhaltspunkte auf eine rechtswidrige Nutzung hinweisen.<br \/>\n2.2 Diese Website nutzt aus Sicherheitsgr\u00fcnden und zum Schutz der \u00dcbertragung<br \/>\npersonenbezogener Daten und anderer vertraulicher Inhalte (z.B. Bestellungen oder<br \/>\nAnfragen an den Verantwortlichen) eine SSL-bzw. TLS-Verschl\u00fcsselung. Sie k\u00f6nnen eine<br \/>\nverschl\u00fcsselte Verbindung an der Zeichenfolge \u201ehttps:\/\/\u201c und dem Schloss-Symbol in<br \/>\nIhrer Browserzeile erkennen.<\/p>\n<p>3) Kontaktaufnahme<br \/>\nIm Rahmen der Kontaktaufnahme mit uns (z.B. per Kontaktformular oder E-Mail) werden<br \/>\n\u2013 ausschlie\u00dflich zum Zweck der Bearbeitung und Beantwortung Ihres Anliegens und nur<br \/>\nim daf\u00fcr erforderlichen Umfang \u2013 personenbezogene Daten verarbeitet.<br \/>\nRechtsgrundlage f\u00fcr die Verarbeitung dieser Daten ist unser berechtigtes Interesse an<br \/>\nder Beantwortung Ihres Anliegens gem\u00e4\u00df Art. 6 Abs. 1 lit. f DSGVO. Zielt Ihre<br \/>\nKontaktierung auf einen Vertrag ab, so ist zus\u00e4tzliche Rechtsgrundlage f\u00fcr die<br \/>\nVerarbeitung Art. 6 Abs. 1 lit. b DSGVO. Ihre Daten werden gel\u00f6scht, wenn sich aus den<br \/>\nUmst\u00e4nden entnehmen l\u00e4sst, dass der betroffene Sachverhalt abschlie\u00dfend gekl\u00e4rt ist<br \/>\nund sofern keine gesetzlichen Aufbewahrungspflichten entgegenstehen.<\/p>\n<p>4) Datenverarbeitung zur Bestellabwicklung<br \/>\nSoweit f\u00fcr die Vertragsabwicklung zu Liefer- und Zahlungszwecken erforderlich, werden<br \/>\ndie von uns erhobenen personenbezogenen Daten gem\u00e4\u00df Art. 6 Abs. 1 lit. b DSGVO an<br \/>\ndas beauftragte Transportunternehmen und das beauftragte Kreditinstitut<br \/>\nweitergegeben.<br \/>\nSofern wir Ihnen auf Grundlage eines entsprechenden Vertrages Aktualisierungen f\u00fcr<br \/>\nWaren mit digitalen Elementen oder f\u00fcr digitale Produkte schulden, verarbeiten wir die<br \/>\nvon Ihnen bei der Bestellung \u00fcbermittelten Kontaktdaten, um Sie im Rahmen unserer<br \/>\ngesetzlichen Informationspflichten gem\u00e4\u00df Art. 6 Abs. 1 lit. c DSGVO pers\u00f6nlich zu<br \/>\ninformieren. Ihre Kontaktdaten werden hierbei streng zweckgebunden f\u00fcr Mitteilungen<br \/>\n\u00fcber von uns geschuldete Aktualisierungen verwendet und zu diesem Zweck durch uns<br \/>\nnur insoweit verarbeitet, wie dies f\u00fcr die jeweilige Information erforderlich ist.<br \/>\nZur Abwicklung Ihrer Bestellung arbeiten wir ferner mit dem \/ den nachstehenden<br \/>\nDienstleister(n) zusammen, die uns ganz oder teilweise bei der Durchf\u00fchrung<br \/>\ngeschlossener Vertr\u00e4ge unterst\u00fctzen. An diese Dienstleister werden nach Ma\u00dfgabe der<br \/>\nfolgenden Informationen gewisse personenbezogene Daten \u00fcbermittelt.<\/p>\n<p>5) Rechte des Betroffenen<br \/>\n5.1 Das geltende Datenschutzrecht gew\u00e4hrt Ihnen gegen\u00fcber dem Verantwortlichen<br \/>\nhinsichtlich der Verarbeitung Ihrer personenbezogenen Daten die nachstehenden<br \/>\nBetroffenenrechte (Auskunfts- und Interventionsrechte), wobei f\u00fcr die jeweiligen<br \/>\nAus\u00fcbungsvoraussetzungen auf die angef\u00fchrte Rechtsgrundlage verwiesen wird:<br \/>\n&#8211; Auskunftsrecht gem\u00e4\u00df Art. 15 DSGVO;<br \/>\n&#8211; Recht auf Berichtigung gem\u00e4\u00df Art. 16 DSGVO;<br \/>\n&#8211; Recht auf L\u00f6schung gem\u00e4\u00df Art. 17 DSGVO;<br \/>\n&#8211; Recht auf Einschr\u00e4nkung der Verarbeitung gem\u00e4\u00df Art. 18 DSGVO;<br \/>\n&#8211; Recht auf Unterrichtung gem\u00e4\u00df Art. 19 DSGVO;<br \/>\n&#8211; Recht auf Daten\u00fcbertragbarkeit gem\u00e4\u00df Art. 20 DSGVO;<br \/>\n&#8211; Recht auf Widerruf erteilter Einwilligungen gem\u00e4\u00df Art. 7 Abs. 3 DSGVO;<br \/>\n&#8211; Recht auf Beschwerde gem\u00e4\u00df Art. 77 DSGVO.<\/p>\n<p>5.2 WIDERSPRUCHSRECHT<br \/>\nWENN WIR IM RAHMEN EINER INTERESSENABW\u00c4GUNG IHRE PERSONENBEZOGENEN<br \/>\nDATEN AUFGRUND UNSERES \u00dcBERWIEGENDEN BERECHTIGTEN INTERESSES<br \/>\nVERARBEITEN, HABEN SIE DAS JEDERZEITIGE RECHT, AUS GR\u00dcNDEN, DIE SICH AUS<br \/>\nIHRER BESONDEREN SITUATION ERGEBEN, GEGEN DIESE VERARBEITUNG WIDERSPRUCH<br \/>\nMIT WIRKUNG F\u00dcR DIE ZUKUNFT EINZULEGEN.<br \/>\nMACHEN SIE VON IHREM WIDERSPRUCHSRECHT GEBRAUCH, BEENDEN WIR DIE<br \/>\nVERARBEITUNG DER BETROFFENEN DATEN. EINE WEITERVERARBEITUNG BLEIBT ABER<br \/>\nVORBEHALTEN, WENN WIR ZWINGENDE SCHUTZW\u00dcRDIGE GR\u00dcNDE F\u00dcR DIE<br \/>\nVERARBEITUNG NACHWEISEN K\u00d6NNEN, DIE IHRE INTERESSEN, GRUNDRECHTE UND<br \/>\nGRUNDFREIHEITEN \u00dcBERWIEGEN, ODER WENN DIE VERARBEITUNG DER<br \/>\nGELTENDMACHUNG, AUS\u00dcBUNG ODER VERTEIDIGUNG VON RECHTSANSPR\u00dcCHEN<br \/>\nDIENT.<br \/>\nWERDEN IHRE PERSONENBEZOGENEN DATEN VON UNS VERARBEITET, UM<br \/>\nDIREKTWERBUNG ZU BETREIBEN, HABEN SIE DAS RECHT, JEDERZEIT WIDERSPRUCH<br \/>\nGEGEN DIE VERARBEITUNG SIE BETREFFENDER PERSONENBEZOGENER DATEN ZUM<br \/>\nZWECKE DERARTIGER WERBUNG EINZULEGEN. SIE K\u00d6NNEN DEN WIDERSPRUCH WIE<br \/>\nOBEN BESCHRIEBEN AUS\u00dcBEN.<br \/>\nMACHEN SIE VON IHREM WIDERSPRUCHSRECHT GEBRAUCH, BEENDEN WIR DIE<br \/>\nVERARBEITUNG DER BETROFFENEN DATEN ZU DIREKTWERBEZWECKEN.<\/p>\n<p>6) Dauer der Speicherung personenbezogener Daten<br \/>\nDie Dauer der Speicherung von personenbezogenen Daten bemisst sich anhand der<br \/>\njeweiligen Rechtsgrundlage, am Verarbeitungszweck und \u2013 sofern einschl\u00e4gig \u2013<br \/>\nzus\u00e4tzlich anhand der jeweiligen gesetzlichen Aufbewahrungsfrist (z.B. handels- und<br \/>\nsteuerrechtliche Aufbewahrungsfristen).<br \/>\nBei der Verarbeitung von personenbezogenen Daten auf Grundlage einer ausdr\u00fccklichen<br \/>\nEinwilligung gem\u00e4\u00df Art. 6 Abs. 1 lit. a DSGVO werden die betroffenen Daten so lange<br \/>\ngespeichert, bis Sie Ihre Einwilligung widerrufen.<br \/>\nExistieren gesetzliche Aufbewahrungsfristen f\u00fcr Daten, die im Rahmen<br \/>\nrechtsgesch\u00e4ftlicher bzw. rechtsgesch\u00e4fts\u00e4hnlicher Verpflichtungen auf der Grundlage<br \/>\nvon Art. 6 Abs. 1 lit. b DSGVO verarbeitet werden, werden diese Daten nach Ablauf der<br \/>\nAufbewahrungsfristen routinem\u00e4\u00dfig gel\u00f6scht, sofern sie nicht mehr zur<br \/>\nVertragserf\u00fcllung oder Vertragsanbahnung erforderlich sind und\/oder unsererseits kein<br \/>\nberechtigtes Interesse an der Weiterspeicherung fortbesteht.<br \/>\nBei der Verarbeitung von personenbezogenen Daten auf Grundlage von Art. 6 Abs. 1 lit.<br \/>\nf DSGVO werden diese Daten so lange gespeichert, bis Sie Ihr Widerspruchsrecht nach<br \/>\nArt. 21 Abs. 1 DSGVO aus\u00fcben, es sei denn, wir k\u00f6nnen zwingende schutzw\u00fcrdige<br \/>\nGr\u00fcnde f\u00fcr die Verarbeitung nachweisen, die Ihre Interessen, Rechte und Freiheiten<br \/>\n\u00fcberwiegen, oder die Verarbeitung dient der Geltendmachung, Aus\u00fcbung oderVerteidigung von Rechtsanspr\u00fcchen.<br \/>\nBei der Verarbeitung von personenbezogenen Daten zum Zwecke der Direktwerbung auf<br \/>\nGrundlage von Art. 6 Abs. 1 lit. f DSGVO werden diese Daten so lange gespeichert, bis<br \/>\nSie Ihr Widerspruchsrecht nach Art. 21 Abs. 2 DSGVO aus\u00fcben.<br \/>\nSofern sich aus den sonstigen Informationen dieser Erkl\u00e4rung \u00fcber spezifische<br \/>\nVerarbeitungssituationen nichts anderes ergibt, werden gespeicherte personenbezogene<br \/>\nDaten im \u00dcbrigen dann gel\u00f6scht, wenn sie f\u00fcr die Zwecke, f\u00fcr die sie erhoben oder auf<br \/>\nsonstige Weise verarbeitet wurden, nicht mehr notwendig sind.<\/p>\n<p>Copyright \u00a9 2025, IT-Recht-Kanzlei \u00b7 Alter Messeplatz 2 \u00b7 80339 M\u00fcnchen<br \/>\nwww.it-recht-kanzlei.de<\/p>\n<p>Stand Aug. 2025<\/p>\n","protected":false},"excerpt":{"rendered":"<p>Datenschutzerkl\u00e4rung 1) Einleitung und Kontaktdaten des Verantwortlichen 1.1 Wir freuen uns, dass Sie unsere Website besuchen, und bedanken uns f\u00fcr Ihr Interesse. Im Folgenden informieren wir Sie \u00fcber den Umgang mit Ihren personenbezogenen Daten bei der Nutzung unserer Website. Personenbezogene Daten sind hierbei alle Daten, mit denen Sie pers\u00f6nlich identifiziert werden k\u00f6nnen. 1.2 Verantwortlicher f\u00fcr &hellip; <a href=\"https:\/\/ie-burmester.de\/?page_id=15\" class=\"more-link\"><span class=\"screen-reader-text\">Datenschutzerkl\u00e4rung<\/span> weiterlesen <span class=\"meta-nav\">&rarr;<\/span><\/a><\/p>\n","protected":false},"author":1,"featured_media":0,"parent":0,"menu_order":4,"comment_status":"open","ping_status":"open","template":"","meta":{"footnotes":""},"class_list":["post-15","page","type-page","status-publish","hentry"],"yoast_head":"<!-- This site is optimized with the Yoast SEO plugin v27.4 - https:\/\/yoast.com\/product\/yoast-seo-wordpress\/ -->\n<title>Datenschutzerkl\u00e4rung - Gesch\u00e4ftsidee<\/title>\n<meta name=\"robots\" content=\"index, follow, max-snippet:-1, max-image-preview:large, max-video-preview:-1\" \/>\n<link rel=\"canonical\" href=\"https:\/\/ie-burmester.de\/?page_id=15\" \/>\n<meta property=\"og:locale\" content=\"de_DE\" \/>\n<meta property=\"og:type\" content=\"article\" \/>\n<meta property=\"og:title\" content=\"Datenschutzerkl\u00e4rung - Gesch\u00e4ftsidee\" \/>\n<meta property=\"og:description\" content=\"Datenschutzerkl\u00e4rung 1) Einleitung und Kontaktdaten des Verantwortlichen 1.1 Wir freuen uns, dass Sie unsere Website besuchen, und bedanken uns f\u00fcr Ihr Interesse. Im Folgenden informieren wir Sie \u00fcber den Umgang mit Ihren personenbezogenen Daten bei der Nutzung unserer Website. Personenbezogene Daten sind hierbei alle Daten, mit denen Sie pers\u00f6nlich identifiziert werden k\u00f6nnen. 1.2 Verantwortlicher f\u00fcr &hellip; Datenschutzerkl\u00e4rung weiterlesen &rarr;\" \/>\n<meta property=\"og:url\" content=\"https:\/\/ie-burmester.de\/?page_id=15\" \/>\n<meta property=\"og:site_name\" content=\"Gesch\u00e4ftsidee\" \/>\n<meta property=\"article:modified_time\" content=\"2025-09-02T07:04:55+00:00\" \/>\n<meta name=\"twitter:label1\" content=\"Gesch\u00e4tzte Lesezeit\" \/>\n\t<meta name=\"twitter:data1\" content=\"6\u00a0Minuten\" \/>\n<script type=\"application\/ld+json\" class=\"yoast-schema-graph\">{\"@context\":\"https:\\\/\\\/schema.org\",\"@graph\":[{\"@type\":\"WebPage\",\"@id\":\"https:\\\/\\\/ie-burmester.de\\\/?page_id=15\",\"url\":\"https:\\\/\\\/ie-burmester.de\\\/?page_id=15\",\"name\":\"Datenschutzerkl\u00e4rung - Gesch\u00e4ftsidee\",\"isPartOf\":{\"@id\":\"http:\\\/\\\/ie-burmester.de\\\/#website\"},\"datePublished\":\"2015-03-11T11:29:20+00:00\",\"dateModified\":\"2025-09-02T07:04:55+00:00\",\"breadcrumb\":{\"@id\":\"https:\\\/\\\/ie-burmester.de\\\/?page_id=15#breadcrumb\"},\"inLanguage\":\"de\",\"potentialAction\":[{\"@type\":\"ReadAction\",\"target\":[\"https:\\\/\\\/ie-burmester.de\\\/?page_id=15\"]}]},{\"@type\":\"BreadcrumbList\",\"@id\":\"https:\\\/\\\/ie-burmester.de\\\/?page_id=15#breadcrumb\",\"itemListElement\":[{\"@type\":\"ListItem\",\"position\":1,\"name\":\"Home\",\"item\":\"http:\\\/\\\/ie-burmester.de\\\/\"},{\"@type\":\"ListItem\",\"position\":2,\"name\":\"Datenschutzerkl\u00e4rung\"}]},{\"@type\":\"WebSite\",\"@id\":\"http:\\\/\\\/ie-burmester.de\\\/#website\",\"url\":\"http:\\\/\\\/ie-burmester.de\\\/\",\"name\":\"Gesch\u00e4ftsidee\",\"description\":\"Startseite\",\"potentialAction\":[{\"@type\":\"SearchAction\",\"target\":{\"@type\":\"EntryPoint\",\"urlTemplate\":\"http:\\\/\\\/ie-burmester.de\\\/?s={search_term_string}\"},\"query-input\":{\"@type\":\"PropertyValueSpecification\",\"valueRequired\":true,\"valueName\":\"search_term_string\"}}],\"inLanguage\":\"de\"}]}<\/script>\n<!-- \/ Yoast SEO plugin. -->","yoast_head_json":{"title":"Datenschutzerkl\u00e4rung - Gesch\u00e4ftsidee","robots":{"index":"index","follow":"follow","max-snippet":"max-snippet:-1","max-image-preview":"max-image-preview:large","max-video-preview":"max-video-preview:-1"},"canonical":"https:\/\/ie-burmester.de\/?page_id=15","og_locale":"de_DE","og_type":"article","og_title":"Datenschutzerkl\u00e4rung - Gesch\u00e4ftsidee","og_description":"Datenschutzerkl\u00e4rung 1) Einleitung und Kontaktdaten des Verantwortlichen 1.1 Wir freuen uns, dass Sie unsere Website besuchen, und bedanken uns f\u00fcr Ihr Interesse. Im Folgenden informieren wir Sie \u00fcber den Umgang mit Ihren personenbezogenen Daten bei der Nutzung unserer Website. Personenbezogene Daten sind hierbei alle Daten, mit denen Sie pers\u00f6nlich identifiziert werden k\u00f6nnen. 1.2 Verantwortlicher f\u00fcr &hellip; Datenschutzerkl\u00e4rung weiterlesen &rarr;","og_url":"https:\/\/ie-burmester.de\/?page_id=15","og_site_name":"Gesch\u00e4ftsidee","article_modified_time":"2025-09-02T07:04:55+00:00","twitter_misc":{"Gesch\u00e4tzte Lesezeit":"6\u00a0Minuten"},"schema":{"@context":"https:\/\/schema.org","@graph":[{"@type":"WebPage","@id":"https:\/\/ie-burmester.de\/?page_id=15","url":"https:\/\/ie-burmester.de\/?page_id=15","name":"Datenschutzerkl\u00e4rung - Gesch\u00e4ftsidee","isPartOf":{"@id":"http:\/\/ie-burmester.de\/#website"},"datePublished":"2015-03-11T11:29:20+00:00","dateModified":"2025-09-02T07:04:55+00:00","breadcrumb":{"@id":"https:\/\/ie-burmester.de\/?page_id=15#breadcrumb"},"inLanguage":"de","potentialAction":[{"@type":"ReadAction","target":["https:\/\/ie-burmester.de\/?page_id=15"]}]},{"@type":"BreadcrumbList","@id":"https:\/\/ie-burmester.de\/?page_id=15#breadcrumb","itemListElement":[{"@type":"ListItem","position":1,"name":"Home","item":"http:\/\/ie-burmester.de\/"},{"@type":"ListItem","position":2,"name":"Datenschutzerkl\u00e4rung"}]},{"@type":"WebSite","@id":"http:\/\/ie-burmester.de\/#website","url":"http:\/\/ie-burmester.de\/","name":"Gesch\u00e4ftsidee","description":"Startseite","potentialAction":[{"@type":"SearchAction","target":{"@type":"EntryPoint","urlTemplate":"http:\/\/ie-burmester.de\/?s={search_term_string}"},"query-input":{"@type":"PropertyValueSpecification","valueRequired":true,"valueName":"search_term_string"}}],"inLanguage":"de"}]}},"_links":{"self":[{"href":"https:\/\/ie-burmester.de\/index.php?rest_route=\/wp\/v2\/pages\/15","targetHints":{"allow":["GET"]}}],"collection":[{"href":"https:\/\/ie-burmester.de\/index.php?rest_route=\/wp\/v2\/pages"}],"about":[{"href":"https:\/\/ie-burmester.de\/index.php?rest_route=\/wp\/v2\/types\/page"}],"author":[{"embeddable":true,"href":"https:\/\/ie-burmester.de\/index.php?rest_route=\/wp\/v2\/users\/1"}],"replies":[{"embeddable":true,"href":"https:\/\/ie-burmester.de\/index.php?rest_route=%2Fwp%2Fv2%2Fcomments&post=15"}],"version-history":[{"count":6,"href":"https:\/\/ie-burmester.de\/index.php?rest_route=\/wp\/v2\/pages\/15\/revisions"}],"predecessor-version":[{"id":2493,"href":"https:\/\/ie-burmester.de\/index.php?rest_route=\/wp\/v2\/pages\/15\/revisions\/2493"}],"wp:attachment":[{"href":"https:\/\/ie-burmester.de\/index.php?rest_route=%2Fwp%2Fv2%2Fmedia&parent=15"}],"curies":[{"name":"wp","href":"https:\/\/api.w.org\/{rel}","templated":true}]}}