{"id":2,"date":"2014-10-16T20:58:51","date_gmt":"2014-10-16T20:58:51","guid":{"rendered":"http:\/\/ie-burmester.de\/?page_id=2"},"modified":"2017-04-30T13:48:15","modified_gmt":"2017-04-30T12:48:15","slug":"sample-page","status":"publish","type":"page","link":"https:\/\/ie-burmester.de\/","title":{"rendered":"Gesch\u00e4ftsidee"},"content":{"rendered":"<p><strong>Hauptziel unserer Gesch\u00e4ftsidee ist die Hilfe zur Selbsthilfe f\u00fcr eine Edelstahl verarbeitende Werkstatt auf Sri Lanka. <\/strong><\/p>\n<p>Seit August 2014\u00a0unterst\u00fctzen meine Freunde und ich eine kleine Metallbaufirma auf Sri Lanka. \u00a0Diese Firma &#8222;New Sugath Fabriko&#8220; &#8211; NSF hat ihre Niederlassung im Bereich der S\u00fcdk\u00fcste n\u00e4he Galle in Unawatuna, an der im Jahr 2004 der Tsunami gew\u00fctet hatte.\u00a0Hier\u00a0wurden nun mit unserer Hilfe\u00a0erstmalige Ausbildungspl\u00e4tze im technischen- und kaufm\u00e4nnischen Bereich geschaffen.<br \/>\nIn unserem Team sind ein Metallbau-Konstrukteur, ein Statiker, ein Materialwissenschaftler, ein Projektleiter und ein Ausbilder der Fachrichtung Metallbau.<br \/>\nDie Firma, welche wir unterst\u00fctzen, hat langj\u00e4hrige Erfahrung bei der Edelstahlverarbeitung und stellt Gel\u00e4nder, Z\u00e4une und Mobiliar aus Edelstahl f\u00fcr den singhalesischen Markt her. Mehr zu unserer Idee finden\u00a0Sie in den Bildern auf dieser\u00a0Homepage. \u00a0Dort haben wir die Entwicklung der Werkstatt dokumentiert.<\/p>\n<p>Und \u00a0eine\u00a0Nachhaltigkeit \u00a0zu erzielen, unterst\u00fctzen wir die singhalesische Firma &#8220; bei der Konstruktion und Herstellung von Gel\u00e4ndern, Z\u00e4unen, Gittern und anderen \u00a0Produkten aus Edelstahl V2A \/ V4A. Weiterhin unterst\u00fctzen wir bei der Beschaffung der Rohmaterialien.<\/p>\n<p>Die Produkte werden zun\u00e4chst in Deutschland konstruiert und den Marktbed\u00fcrfnissen der EU angepasst (Normen und Regelwerke). Es erfolgt ein Verkauf mittels Wiederverk\u00e4ufern gegen Vorbestellung. Anschlie\u00dfend werden diese auf Sri Lanka gefertigt und per Schiff nach Deutschland versendet. Hier wird eine Warenkontrolle zur Qualit\u00e4tssicherung vorgenommen .<\/p>\n<p><a href=\"https:\/\/ie-burmester.de\/wp-content\/uploads\/2014\/10\/2_IMG_2793.jpg\"><img loading=\"lazy\" decoding=\"async\" class=\"alignnone wp-image-125\" src=\"https:\/\/ie-burmester.de\/wp-content\/uploads\/2014\/10\/2_IMG_2793-300x224.jpg\" alt=\"2_IMG_2793\" width=\"465\" height=\"347\" srcset=\"https:\/\/ie-burmester.de\/wp-content\/uploads\/2014\/10\/2_IMG_2793-300x224.jpg 300w, https:\/\/ie-burmester.de\/wp-content\/uploads\/2014\/10\/2_IMG_2793.jpg 1024w\" sizes=\"auto, (max-width: 465px) 100vw, 465px\" \/><\/a><\/p>\n<p style=\"text-align: center;\">Werkstattteam im Januar 2015<\/p>\n<p><a href=\"https:\/\/ie-burmester.de\/?attachment_id=283\" rel=\"attachment wp-att-283\"><img loading=\"lazy\" decoding=\"async\" class=\"alignnone wp-image-283\" src=\"https:\/\/ie-burmester.de\/wp-content\/uploads\/2015\/10\/NSF-Arbeiten-7_Klein-Azubi-300x224.jpg\" alt=\"\" width=\"462\" height=\"345\" srcset=\"https:\/\/ie-burmester.de\/wp-content\/uploads\/2015\/10\/NSF-Arbeiten-7_Klein-Azubi-300x224.jpg 300w, https:\/\/ie-burmester.de\/wp-content\/uploads\/2015\/10\/NSF-Arbeiten-7_Klein-Azubi.jpg 1024w\" sizes=\"auto, (max-width: 462px) 100vw, 462px\" \/><\/a><\/p>\n<p style=\"text-align: center;\">Zus\u00e4tzliche Einstellung von vier Facharbeitern und drei Auszubildende im Mai 2015<\/p>\n<p>&nbsp;<\/p>\n","protected":false},"excerpt":{"rendered":"<p>Hauptziel unserer Gesch\u00e4ftsidee ist die Hilfe zur Selbsthilfe f\u00fcr eine Edelstahl verarbeitende Werkstatt auf Sri Lanka. Seit August 2014\u00a0unterst\u00fctzen meine Freunde und ich eine kleine Metallbaufirma auf Sri Lanka. \u00a0Diese Firma &#8222;New Sugath Fabriko&#8220; &#8211; NSF hat ihre Niederlassung im Bereich der S\u00fcdk\u00fcste n\u00e4he Galle in Unawatuna, an der im Jahr 2004 der Tsunami gew\u00fctet &hellip; <a href=\"https:\/\/ie-burmester.de\/\" class=\"more-link\"><span class=\"screen-reader-text\">Gesch\u00e4ftsidee<\/span> weiterlesen <span class=\"meta-nav\">&rarr;<\/span><\/a><\/p>\n","protected":false},"author":1,"featured_media":488,"parent":0,"menu_order":2,"comment_status":"open","ping_status":"open","template":"","meta":{"footnotes":""},"class_list":["post-2","page","type-page","status-publish","has-post-thumbnail","hentry"],"yoast_head":"<!-- This site is optimized with the Yoast SEO plugin v27.4 - https:\/\/yoast.com\/product\/yoast-seo-wordpress\/ -->\n<title>Gesch\u00e4ftsidee - Gesch\u00e4ftsidee<\/title>\n<meta name=\"robots\" content=\"index, follow, max-snippet:-1, max-image-preview:large, max-video-preview:-1\" \/>\n<link rel=\"canonical\" href=\"http:\/\/ie-burmester.de\/\" \/>\n<meta property=\"og:locale\" content=\"de_DE\" \/>\n<meta property=\"og:type\" content=\"article\" \/>\n<meta property=\"og:title\" content=\"Gesch\u00e4ftsidee - Gesch\u00e4ftsidee\" \/>\n<meta property=\"og:description\" content=\"Hauptziel unserer Gesch\u00e4ftsidee ist die Hilfe zur Selbsthilfe f\u00fcr eine Edelstahl verarbeitende Werkstatt auf Sri Lanka. Seit August 2014\u00a0unterst\u00fctzen meine Freunde und ich eine kleine Metallbaufirma auf Sri Lanka. \u00a0Diese Firma &#8222;New Sugath Fabriko&#8220; &#8211; NSF hat ihre Niederlassung im Bereich der S\u00fcdk\u00fcste n\u00e4he Galle in Unawatuna, an der im Jahr 2004 der Tsunami gew\u00fctet &hellip; Gesch\u00e4ftsidee weiterlesen &rarr;\" \/>\n<meta property=\"og:url\" content=\"http:\/\/ie-burmester.de\/\" \/>\n<meta property=\"og:site_name\" content=\"Gesch\u00e4ftsidee\" \/>\n<meta property=\"article:modified_time\" content=\"2017-04-30T12:48:15+00:00\" \/>\n<meta property=\"og:image\" content=\"http:\/\/ie-burmester.de\/wp-content\/uploads\/2014\/10\/IMG_3733-e1493551648143.jpg\" \/>\n\t<meta property=\"og:image:width\" content=\"2592\" \/>\n\t<meta property=\"og:image:height\" content=\"1936\" \/>\n\t<meta property=\"og:image:type\" content=\"image\/jpeg\" \/>\n<meta name=\"twitter:label1\" content=\"Gesch\u00e4tzte Lesezeit\" \/>\n\t<meta name=\"twitter:data1\" content=\"1\u00a0Minute\" \/>\n<script type=\"application\/ld+json\" class=\"yoast-schema-graph\">{\"@context\":\"https:\\\/\\\/schema.org\",\"@graph\":[{\"@type\":\"WebPage\",\"@id\":\"http:\\\/\\\/ie-burmester.de\\\/\",\"url\":\"http:\\\/\\\/ie-burmester.de\\\/\",\"name\":\"Gesch\u00e4ftsidee - Gesch\u00e4ftsidee\",\"isPartOf\":{\"@id\":\"http:\\\/\\\/ie-burmester.de\\\/#website\"},\"primaryImageOfPage\":{\"@id\":\"http:\\\/\\\/ie-burmester.de\\\/#primaryimage\"},\"image\":{\"@id\":\"http:\\\/\\\/ie-burmester.de\\\/#primaryimage\"},\"thumbnailUrl\":\"https:\\\/\\\/ie-burmester.de\\\/wp-content\\\/uploads\\\/2014\\\/10\\\/IMG_3733-e1493551648143.jpg\",\"datePublished\":\"2014-10-16T20:58:51+00:00\",\"dateModified\":\"2017-04-30T12:48:15+00:00\",\"breadcrumb\":{\"@id\":\"http:\\\/\\\/ie-burmester.de\\\/#breadcrumb\"},\"inLanguage\":\"de\",\"potentialAction\":[{\"@type\":\"ReadAction\",\"target\":[\"http:\\\/\\\/ie-burmester.de\\\/\"]}]},{\"@type\":\"ImageObject\",\"inLanguage\":\"de\",\"@id\":\"http:\\\/\\\/ie-burmester.de\\\/#primaryimage\",\"url\":\"https:\\\/\\\/ie-burmester.de\\\/wp-content\\\/uploads\\\/2014\\\/10\\\/IMG_3733-e1493551648143.jpg\",\"contentUrl\":\"https:\\\/\\\/ie-burmester.de\\\/wp-content\\\/uploads\\\/2014\\\/10\\\/IMG_3733-e1493551648143.jpg\",\"width\":2592,\"height\":1936},{\"@type\":\"BreadcrumbList\",\"@id\":\"http:\\\/\\\/ie-burmester.de\\\/#breadcrumb\",\"itemListElement\":[{\"@type\":\"ListItem\",\"position\":1,\"name\":\"Home\",\"item\":\"http:\\\/\\\/ie-burmester.de\\\/\"},{\"@type\":\"ListItem\",\"position\":2,\"name\":\"Gesch\u00e4ftsidee\"}]},{\"@type\":\"WebSite\",\"@id\":\"http:\\\/\\\/ie-burmester.de\\\/#website\",\"url\":\"http:\\\/\\\/ie-burmester.de\\\/\",\"name\":\"Gesch\u00e4ftsidee\",\"description\":\"Startseite\",\"potentialAction\":[{\"@type\":\"SearchAction\",\"target\":{\"@type\":\"EntryPoint\",\"urlTemplate\":\"http:\\\/\\\/ie-burmester.de\\\/?s={search_term_string}\"},\"query-input\":{\"@type\":\"PropertyValueSpecification\",\"valueRequired\":true,\"valueName\":\"search_term_string\"}}],\"inLanguage\":\"de\"}]}<\/script>\n<!-- \/ Yoast SEO plugin. -->","yoast_head_json":{"title":"Gesch\u00e4ftsidee - Gesch\u00e4ftsidee","robots":{"index":"index","follow":"follow","max-snippet":"max-snippet:-1","max-image-preview":"max-image-preview:large","max-video-preview":"max-video-preview:-1"},"canonical":"http:\/\/ie-burmester.de\/","og_locale":"de_DE","og_type":"article","og_title":"Gesch\u00e4ftsidee - Gesch\u00e4ftsidee","og_description":"Hauptziel unserer Gesch\u00e4ftsidee ist die Hilfe zur Selbsthilfe f\u00fcr eine Edelstahl verarbeitende Werkstatt auf Sri Lanka. Seit August 2014\u00a0unterst\u00fctzen meine Freunde und ich eine kleine Metallbaufirma auf Sri Lanka. \u00a0Diese Firma &#8222;New Sugath Fabriko&#8220; &#8211; NSF hat ihre Niederlassung im Bereich der S\u00fcdk\u00fcste n\u00e4he Galle in Unawatuna, an der im Jahr 2004 der Tsunami gew\u00fctet &hellip; Gesch\u00e4ftsidee weiterlesen &rarr;","og_url":"http:\/\/ie-burmester.de\/","og_site_name":"Gesch\u00e4ftsidee","article_modified_time":"2017-04-30T12:48:15+00:00","og_image":[{"width":2592,"height":1936,"url":"http:\/\/ie-burmester.de\/wp-content\/uploads\/2014\/10\/IMG_3733-e1493551648143.jpg","type":"image\/jpeg"}],"twitter_misc":{"Gesch\u00e4tzte Lesezeit":"1\u00a0Minute"},"schema":{"@context":"https:\/\/schema.org","@graph":[{"@type":"WebPage","@id":"http:\/\/ie-burmester.de\/","url":"http:\/\/ie-burmester.de\/","name":"Gesch\u00e4ftsidee - Gesch\u00e4ftsidee","isPartOf":{"@id":"http:\/\/ie-burmester.de\/#website"},"primaryImageOfPage":{"@id":"http:\/\/ie-burmester.de\/#primaryimage"},"image":{"@id":"http:\/\/ie-burmester.de\/#primaryimage"},"thumbnailUrl":"https:\/\/ie-burmester.de\/wp-content\/uploads\/2014\/10\/IMG_3733-e1493551648143.jpg","datePublished":"2014-10-16T20:58:51+00:00","dateModified":"2017-04-30T12:48:15+00:00","breadcrumb":{"@id":"http:\/\/ie-burmester.de\/#breadcrumb"},"inLanguage":"de","potentialAction":[{"@type":"ReadAction","target":["http:\/\/ie-burmester.de\/"]}]},{"@type":"ImageObject","inLanguage":"de","@id":"http:\/\/ie-burmester.de\/#primaryimage","url":"https:\/\/ie-burmester.de\/wp-content\/uploads\/2014\/10\/IMG_3733-e1493551648143.jpg","contentUrl":"https:\/\/ie-burmester.de\/wp-content\/uploads\/2014\/10\/IMG_3733-e1493551648143.jpg","width":2592,"height":1936},{"@type":"BreadcrumbList","@id":"http:\/\/ie-burmester.de\/#breadcrumb","itemListElement":[{"@type":"ListItem","position":1,"name":"Home","item":"http:\/\/ie-burmester.de\/"},{"@type":"ListItem","position":2,"name":"Gesch\u00e4ftsidee"}]},{"@type":"WebSite","@id":"http:\/\/ie-burmester.de\/#website","url":"http:\/\/ie-burmester.de\/","name":"Gesch\u00e4ftsidee","description":"Startseite","potentialAction":[{"@type":"SearchAction","target":{"@type":"EntryPoint","urlTemplate":"http:\/\/ie-burmester.de\/?s={search_term_string}"},"query-input":{"@type":"PropertyValueSpecification","valueRequired":true,"valueName":"search_term_string"}}],"inLanguage":"de"}]}},"_links":{"self":[{"href":"https:\/\/ie-burmester.de\/index.php?rest_route=\/wp\/v2\/pages\/2","targetHints":{"allow":["GET"]}}],"collection":[{"href":"https:\/\/ie-burmester.de\/index.php?rest_route=\/wp\/v2\/pages"}],"about":[{"href":"https:\/\/ie-burmester.de\/index.php?rest_route=\/wp\/v2\/types\/page"}],"author":[{"embeddable":true,"href":"https:\/\/ie-burmester.de\/index.php?rest_route=\/wp\/v2\/users\/1"}],"replies":[{"embeddable":true,"href":"https:\/\/ie-burmester.de\/index.php?rest_route=%2Fwp%2Fv2%2Fcomments&post=2"}],"version-history":[{"count":17,"href":"https:\/\/ie-burmester.de\/index.php?rest_route=\/wp\/v2\/pages\/2\/revisions"}],"predecessor-version":[{"id":550,"href":"https:\/\/ie-burmester.de\/index.php?rest_route=\/wp\/v2\/pages\/2\/revisions\/550"}],"wp:featuredmedia":[{"embeddable":true,"href":"https:\/\/ie-burmester.de\/index.php?rest_route=\/wp\/v2\/media\/488"}],"wp:attachment":[{"href":"https:\/\/ie-burmester.de\/index.php?rest_route=%2Fwp%2Fv2%2Fmedia&parent=2"}],"curies":[{"name":"wp","href":"https:\/\/api.w.org\/{rel}","templated":true}]}}