{"id":24,"date":"2015-03-11T12:29:20","date_gmt":"2015-03-11T11:29:20","guid":{"rendered":"http:\/\/ie-burmester.de\/?page_id=24"},"modified":"2015-12-05T13:07:54","modified_gmt":"2015-12-05T12:07:54","slug":"zahlungsweisen","status":"publish","type":"page","link":"https:\/\/ie-burmester.de\/?page_id=24","title":{"rendered":"Zahlungsweisen"},"content":{"rendered":"<p><strong><em>Kauf auf Rechnung und \u00dcberweisung:<\/em><\/strong><\/p>\n<table width=\"450\">\n<tbody>\n<tr>\n<td><\/td>\n<\/tr>\n<tr>\n<td>Bestellbare Artikel<\/td>\n<td>Alle Artikel ohne\u00a0\u00a0H\u00f6chstwert, \u00a0bei Bestellungen ab \u00a02.000.- Euro<br \/>\nwird eine 50% Anzahlung notwendig. Ab einem Bestellwert von<br \/>\n5.000,&#8211; \u20ac stellen wir auf Wunsch eine Bankb\u00fcrgschaft bereit.<\/td>\n<\/tr>\n<tr>\n<td>Bitte bei der \u00dcberweisung<br \/>\nbeachten:<\/td>\n<td>Verwenden Sie ausschlie\u00dflich die Informationen (Verwendungszweck\/Bankdaten) auf Ihrer Rechnung.<\/td>\n<\/tr>\n<tr>\n<td>Versand:<\/td>\n<td>Manche Artikel wie z.B. Gitterroste, Schwerlastrampen und Treppen werden z.T. <em>on Demand<\/em> (auf Abruf) erst bei Ihrer Bestellung gefertigt. Es k\u00f6nnen Lieferzeiten von bis zu 14 Wochen entstehen. <strong>Das Zahlungsziel beginnt aber erst mit der Lieferung der Ware!<\/strong><\/td>\n<\/tr>\n<tr>\n<td>Gibt es einen Mindestbestellwert?<\/td>\n<td>Es gibt keinen Mindestbestellwert<\/td>\n<\/tr>\n<tr>\n<td>Zahlungsziel:<\/td>\n<td>Der Rechnungskauf bietet Ihnen ein Zahlungsziel von 14 Tagen ab Versanddatum. Sie bezahlen erst nachdem Sie die Ware erhalten haben und in Augenschein nehmen konnten.<\/td>\n<\/tr>\n<tr>\n<td>Voraussetzungen:<\/td>\n<td>Bonit\u00e4t vorausgesetzt.<\/td>\n<\/tr>\n<\/tbody>\n<\/table>\n<p><strong><em><br \/>\nVorkasse:<\/em><\/strong><\/p>\n<table width=\"450\">\n<tbody>\n<tr>\n<td><\/td>\n<\/tr>\n<tr>\n<td>Bestellbare Artikel<\/td>\n<td>Alle Artikel<\/td>\n<\/tr>\n<tr>\n<td>Versand<\/td>\n<td>Der Versand der Ware erfolgt (sofern ab Lager lieferbar) sofort nach Gutschrift auf unser Konto der Stadtsparkasse Gladbeck<br \/>\nIBAN:DE87424500400071013593<br \/>\nBIC : WELADED1GLA<\/td>\n<\/tr>\n<tr>\n<td>Gibt es einen Mindestbestellwert?<\/td>\n<td>Nein, es gibt hierbei keinen Mindestbestellwert.<\/td>\n<\/tr>\n<tr>\n<td>Fallen weitere Geb\u00fchren an?<\/td>\n<td>Es fallen keine weiteren Kosten an.<\/td>\n<\/tr>\n<tr>\n<td>Voraussetzungen:<\/td>\n<td>Erst nach Gutschrift des Rechnungsbetrages bearbeiten wir Ihre Bestellung zum Versand vor.<\/td>\n<\/tr>\n<\/tbody>\n<\/table>\n<p>&nbsp;<\/p>\n<p><strong><em>Paypal:<\/em><\/strong><\/p>\n<table width=\"450\">\n<tbody>\n<tr>\n<td><\/td>\n<\/tr>\n<tr>\n<td>Bestellbare Artikel<\/td>\n<td>Alle Artikel<\/td>\n<\/tr>\n<tr>\n<td>Versand<\/td>\n<td>Der Versand der Ware erfolgt (sofern ab Lager lieferbar) sofort.<\/td>\n<\/tr>\n<tr>\n<td>Gibt es einen Mindestbestellwert?<\/td>\n<td>Nein, es gibt hierbei keinen Mindestbestellwert.<\/td>\n<\/tr>\n<tr>\n<td>Fallen weitere Geb\u00fchren an?<\/td>\n<td>Paypal berechnet eine Geb\u00fchr von 2,5% welche wir an Sie weitergeben.<\/td>\n<\/tr>\n<tr>\n<td>Voraussetzungen:<\/td>\n<td><a href=\"http:\/\/www.paypal.de\">Sie ben\u00f6tigen einen Paypal Account.<\/a><\/td>\n<\/tr>\n<\/tbody>\n<\/table>\n<p>&nbsp;<\/p>\n<p>&nbsp;<\/p>\n<p>Stand Dez.\u00a0\u00a02015<\/p>\n<p><strong>\u00a0<\/strong><\/p>\n","protected":false},"excerpt":{"rendered":"<p>Kauf auf Rechnung und \u00dcberweisung: Bestellbare Artikel Alle Artikel ohne\u00a0\u00a0H\u00f6chstwert, \u00a0bei Bestellungen ab \u00a02.000.- Euro wird eine 50% Anzahlung notwendig. Ab einem Bestellwert von 5.000,&#8211; \u20ac stellen wir auf Wunsch eine Bankb\u00fcrgschaft bereit. Bitte bei der \u00dcberweisung beachten: Verwenden Sie ausschlie\u00dflich die Informationen (Verwendungszweck\/Bankdaten) auf Ihrer Rechnung. Versand: Manche Artikel wie z.B. Gitterroste, Schwerlastrampen und &hellip; <a href=\"https:\/\/ie-burmester.de\/?page_id=24\" class=\"more-link\"><span class=\"screen-reader-text\">Zahlungsweisen<\/span> weiterlesen <span class=\"meta-nav\">&rarr;<\/span><\/a><\/p>\n","protected":false},"author":1,"featured_media":0,"parent":0,"menu_order":3,"comment_status":"open","ping_status":"open","template":"","meta":{"footnotes":""},"class_list":["post-24","page","type-page","status-publish","hentry"],"yoast_head":"<!-- This site is optimized with the Yoast SEO plugin v27.4 - https:\/\/yoast.com\/product\/yoast-seo-wordpress\/ -->\n<title>Zahlungsweisen - Gesch\u00e4ftsidee<\/title>\n<meta name=\"robots\" content=\"index, follow, max-snippet:-1, max-image-preview:large, max-video-preview:-1\" \/>\n<link rel=\"canonical\" href=\"http:\/\/ie-burmester.de\/?page_id=24\" \/>\n<meta property=\"og:locale\" content=\"de_DE\" \/>\n<meta property=\"og:type\" content=\"article\" \/>\n<meta property=\"og:title\" content=\"Zahlungsweisen - Gesch\u00e4ftsidee\" \/>\n<meta property=\"og:description\" content=\"Kauf auf Rechnung und \u00dcberweisung: Bestellbare Artikel Alle Artikel ohne\u00a0\u00a0H\u00f6chstwert, \u00a0bei Bestellungen ab \u00a02.000.- Euro wird eine 50% Anzahlung notwendig. Ab einem Bestellwert von 5.000,&#8211; \u20ac stellen wir auf Wunsch eine Bankb\u00fcrgschaft bereit. Bitte bei der \u00dcberweisung beachten: Verwenden Sie ausschlie\u00dflich die Informationen (Verwendungszweck\/Bankdaten) auf Ihrer Rechnung. Versand: Manche Artikel wie z.B. Gitterroste, Schwerlastrampen und &hellip; Zahlungsweisen weiterlesen &rarr;\" \/>\n<meta property=\"og:url\" content=\"http:\/\/ie-burmester.de\/?page_id=24\" \/>\n<meta property=\"og:site_name\" content=\"Gesch\u00e4ftsidee\" \/>\n<meta property=\"article:modified_time\" content=\"2015-12-05T12:07:54+00:00\" \/>\n<meta name=\"twitter:label1\" content=\"Gesch\u00e4tzte Lesezeit\" \/>\n\t<meta name=\"twitter:data1\" content=\"1\u00a0Minute\" \/>\n<script type=\"application\/ld+json\" class=\"yoast-schema-graph\">{\"@context\":\"https:\\\/\\\/schema.org\",\"@graph\":[{\"@type\":\"WebPage\",\"@id\":\"http:\\\/\\\/ie-burmester.de\\\/?page_id=24\",\"url\":\"http:\\\/\\\/ie-burmester.de\\\/?page_id=24\",\"name\":\"Zahlungsweisen - Gesch\u00e4ftsidee\",\"isPartOf\":{\"@id\":\"http:\\\/\\\/ie-burmester.de\\\/#website\"},\"datePublished\":\"2015-03-11T11:29:20+00:00\",\"dateModified\":\"2015-12-05T12:07:54+00:00\",\"breadcrumb\":{\"@id\":\"http:\\\/\\\/ie-burmester.de\\\/?page_id=24#breadcrumb\"},\"inLanguage\":\"de\",\"potentialAction\":[{\"@type\":\"ReadAction\",\"target\":[\"http:\\\/\\\/ie-burmester.de\\\/?page_id=24\"]}]},{\"@type\":\"BreadcrumbList\",\"@id\":\"http:\\\/\\\/ie-burmester.de\\\/?page_id=24#breadcrumb\",\"itemListElement\":[{\"@type\":\"ListItem\",\"position\":1,\"name\":\"Home\",\"item\":\"http:\\\/\\\/ie-burmester.de\\\/\"},{\"@type\":\"ListItem\",\"position\":2,\"name\":\"Zahlungsweisen\"}]},{\"@type\":\"WebSite\",\"@id\":\"http:\\\/\\\/ie-burmester.de\\\/#website\",\"url\":\"http:\\\/\\\/ie-burmester.de\\\/\",\"name\":\"Gesch\u00e4ftsidee\",\"description\":\"Startseite\",\"potentialAction\":[{\"@type\":\"SearchAction\",\"target\":{\"@type\":\"EntryPoint\",\"urlTemplate\":\"http:\\\/\\\/ie-burmester.de\\\/?s={search_term_string}\"},\"query-input\":{\"@type\":\"PropertyValueSpecification\",\"valueRequired\":true,\"valueName\":\"search_term_string\"}}],\"inLanguage\":\"de\"}]}<\/script>\n<!-- \/ Yoast SEO plugin. -->","yoast_head_json":{"title":"Zahlungsweisen - Gesch\u00e4ftsidee","robots":{"index":"index","follow":"follow","max-snippet":"max-snippet:-1","max-image-preview":"max-image-preview:large","max-video-preview":"max-video-preview:-1"},"canonical":"http:\/\/ie-burmester.de\/?page_id=24","og_locale":"de_DE","og_type":"article","og_title":"Zahlungsweisen - Gesch\u00e4ftsidee","og_description":"Kauf auf Rechnung und \u00dcberweisung: Bestellbare Artikel Alle Artikel ohne\u00a0\u00a0H\u00f6chstwert, \u00a0bei Bestellungen ab \u00a02.000.- Euro wird eine 50% Anzahlung notwendig. Ab einem Bestellwert von 5.000,&#8211; \u20ac stellen wir auf Wunsch eine Bankb\u00fcrgschaft bereit. Bitte bei der \u00dcberweisung beachten: Verwenden Sie ausschlie\u00dflich die Informationen (Verwendungszweck\/Bankdaten) auf Ihrer Rechnung. Versand: Manche Artikel wie z.B. Gitterroste, Schwerlastrampen und &hellip; Zahlungsweisen weiterlesen &rarr;","og_url":"http:\/\/ie-burmester.de\/?page_id=24","og_site_name":"Gesch\u00e4ftsidee","article_modified_time":"2015-12-05T12:07:54+00:00","twitter_misc":{"Gesch\u00e4tzte Lesezeit":"1\u00a0Minute"},"schema":{"@context":"https:\/\/schema.org","@graph":[{"@type":"WebPage","@id":"http:\/\/ie-burmester.de\/?page_id=24","url":"http:\/\/ie-burmester.de\/?page_id=24","name":"Zahlungsweisen - Gesch\u00e4ftsidee","isPartOf":{"@id":"http:\/\/ie-burmester.de\/#website"},"datePublished":"2015-03-11T11:29:20+00:00","dateModified":"2015-12-05T12:07:54+00:00","breadcrumb":{"@id":"http:\/\/ie-burmester.de\/?page_id=24#breadcrumb"},"inLanguage":"de","potentialAction":[{"@type":"ReadAction","target":["http:\/\/ie-burmester.de\/?page_id=24"]}]},{"@type":"BreadcrumbList","@id":"http:\/\/ie-burmester.de\/?page_id=24#breadcrumb","itemListElement":[{"@type":"ListItem","position":1,"name":"Home","item":"http:\/\/ie-burmester.de\/"},{"@type":"ListItem","position":2,"name":"Zahlungsweisen"}]},{"@type":"WebSite","@id":"http:\/\/ie-burmester.de\/#website","url":"http:\/\/ie-burmester.de\/","name":"Gesch\u00e4ftsidee","description":"Startseite","potentialAction":[{"@type":"SearchAction","target":{"@type":"EntryPoint","urlTemplate":"http:\/\/ie-burmester.de\/?s={search_term_string}"},"query-input":{"@type":"PropertyValueSpecification","valueRequired":true,"valueName":"search_term_string"}}],"inLanguage":"de"}]}},"_links":{"self":[{"href":"https:\/\/ie-burmester.de\/index.php?rest_route=\/wp\/v2\/pages\/24","targetHints":{"allow":["GET"]}}],"collection":[{"href":"https:\/\/ie-burmester.de\/index.php?rest_route=\/wp\/v2\/pages"}],"about":[{"href":"https:\/\/ie-burmester.de\/index.php?rest_route=\/wp\/v2\/types\/page"}],"author":[{"embeddable":true,"href":"https:\/\/ie-burmester.de\/index.php?rest_route=\/wp\/v2\/users\/1"}],"replies":[{"embeddable":true,"href":"https:\/\/ie-burmester.de\/index.php?rest_route=%2Fwp%2Fv2%2Fcomments&post=24"}],"version-history":[{"count":7,"href":"https:\/\/ie-burmester.de\/index.php?rest_route=\/wp\/v2\/pages\/24\/revisions"}],"predecessor-version":[{"id":324,"href":"https:\/\/ie-burmester.de\/index.php?rest_route=\/wp\/v2\/pages\/24\/revisions\/324"}],"wp:attachment":[{"href":"https:\/\/ie-burmester.de\/index.php?rest_route=%2Fwp%2Fv2%2Fmedia&parent=24"}],"curies":[{"name":"wp","href":"https:\/\/api.w.org\/{rel}","templated":true}]}}