{"id":331,"date":"2015-12-06T15:31:20","date_gmt":"2015-12-06T14:31:20","guid":{"rendered":"http:\/\/ie-burmester.de\/?page_id=331"},"modified":"2017-04-30T13:54:03","modified_gmt":"2017-04-30T12:54:03","slug":"technische-details","status":"publish","type":"page","link":"https:\/\/ie-burmester.de\/?page_id=331","title":{"rendered":"Technische Details \/ Auslegung"},"content":{"rendered":"<p><strong>Details<\/strong><\/p>\n<p>Das Ausgangsmaterial f\u00fcr diese Stecksystem ist <strong>Edelstah<\/strong>l in der G\u00fcte <strong>V2A (1.4301) \/ AISI304 \/ <\/strong>. Somit ist es witterungsbest\u00e4ndig. Dies Widerstandsf\u00e4higkeit wird durch den <strong>Oberfl\u00e4chenschliff mit<\/strong><br \/>\n<strong> 400 Korn<\/strong> noch verbessert. Dieser Schliff ist es der f\u00fcr einen edlen Glanz sorgt, ohne dass Fingerabdr\u00fccke st\u00f6rend wirken.<\/p>\n<p>Bei diesem Stecksystem sind alle Verbindungen der Pfosten und Felder komplett und ringsum gem\u00e4\u00df der Schwei\u00dfanweisungen verschwei\u00dft.<\/p>\n<p>Die<strong>\u00a0<\/strong>8mm starken<strong> Grundplatten<\/strong> f\u00fcr die Boden- und Wandbefestigungen haben eine Durchmesser von 110mm und sind mit jeweils vier 11mm Bohrungen versehen. Die \u00a0Bohrungen selber sind\u00a0\u00a0mit einer 45\u00b0 Senkung ausgef\u00fchrt welche daf\u00fcr\u00a0sorgen, dass\u00a0M8\u00a0Innensechskant Senkkopfschrauben gem\u00e4\u00df\u00a0DIN7991 mit einem Kopfdurchmesser von 16mm, komplett versenkt werden k\u00f6nnen.<br \/>\nDie gleiche\u00a0Senkung ist auch in dem Wandhalter f\u00fcr den Handlauf genutzt. Alternativ k\u00f6nnen Maschinenkopfschrauben M10 mit Unterlegscheiben zum Einsatz kommen. Die Wandhalter f\u00fcr die Felder sind mit 7mm Bohrungen versehen, welche ebenfalls eine 45\u00b0 Senkung aufweisen. Hier k\u00f6nnen M6\u00a0Innensechskant Senkkopfschrauben gem\u00e4\u00df\u00a0DIN7991 mit einem Kopfdurchmesser von 12mm, komplett versenkt werden.<\/p>\n<p><img loading=\"lazy\" decoding=\"async\" class=\"wp-image-335 alignnone\" src=\"https:\/\/ie-burmester.de\/wp-content\/uploads\/2015\/12\/Senkung-M8-300x170.jpg\" alt=\"Senkung M8\" width=\"230\" height=\"130\" srcset=\"https:\/\/ie-burmester.de\/wp-content\/uploads\/2015\/12\/Senkung-M8-300x170.jpg 300w, https:\/\/ie-burmester.de\/wp-content\/uploads\/2015\/12\/Senkung-M8-1024x579.jpg 1024w, https:\/\/ie-burmester.de\/wp-content\/uploads\/2015\/12\/Senkung-M8.jpg 1604w\" sizes=\"auto, (max-width: 230px) 100vw, 230px\" \/><a href=\"https:\/\/ie-burmester.de\/wp-content\/uploads\/2015\/12\/Senkung-M6.jpg\"><img loading=\"lazy\" decoding=\"async\" class=\"alignnone wp-image-336\" src=\"https:\/\/ie-burmester.de\/wp-content\/uploads\/2015\/12\/Senkung-M6-300x117.jpg\" alt=\"Senkung M6\" width=\"244\" height=\"95\" srcset=\"https:\/\/ie-burmester.de\/wp-content\/uploads\/2015\/12\/Senkung-M6-300x117.jpg 300w, https:\/\/ie-burmester.de\/wp-content\/uploads\/2015\/12\/Senkung-M6-1024x400.jpg 1024w, https:\/\/ie-burmester.de\/wp-content\/uploads\/2015\/12\/Senkung-M6.jpg 1492w\" sizes=\"auto, (max-width: 244px) 100vw, 244px\" \/><\/a><\/p>\n<p>Der <strong>Pfosten<\/strong> ist aus Rohr 50,8mm x 2,0mm Rohr gefertigt und hat zwei durchgesteckt und voll verschwei\u00dfte 12,7mm Tr\u00e4gerst\u00e4be. Diese Tr\u00e4gerst\u00e4be sind mit jeweils vier M5 Innengewinden versehen (je Pfostenseite zwei), in welche die Madenschrauben zur Fixierung der Felder an den Posten eingebracht werden. Die Schrauben sind mittels der Langlochaussparungen in den Verbindungsh\u00fclsen der Felder erreichbar. Durch dieses nicht sichtbare System, entsteht eine sehr feste Verbindung ohne das Schwei\u00dfarbeiten notwendig sind. Je nach Ausf\u00fchrung befindet sich an der Spitze des Pfosten ein Handlauftr\u00e4ger, welcher durch eine 12,7mm Vollstab getragen wird, eine Kugel oder ein 53\u00b0 Gehrungsschnitt.<\/p>\n<p><a href=\"https:\/\/ie-burmester.de\/wp-content\/uploads\/2015\/12\/3-Pfosten.jpeg\"><img loading=\"lazy\" decoding=\"async\" class=\"size-medium wp-image-340 aligncenter\" src=\"https:\/\/ie-burmester.de\/wp-content\/uploads\/2015\/12\/3-Pfosten-300x225.jpeg\" alt=\"3-Pfosten\" width=\"300\" height=\"225\" srcset=\"https:\/\/ie-burmester.de\/wp-content\/uploads\/2015\/12\/3-Pfosten-300x225.jpeg 300w, https:\/\/ie-burmester.de\/wp-content\/uploads\/2015\/12\/3-Pfosten.jpeg 640w\" sizes=\"auto, (max-width: 300px) 100vw, 300px\" \/><\/a><\/p>\n<p>Der optionale <strong>Handlauf<\/strong>, ist aus 38,1mm Rohr gefertigt und wird nach dem selben System wie die Felder befestigt. Daf\u00fcr ist eine H\u00fclse mit einem M6\u00a0Innengewinde in den Handlauf eingearbeitet. Diese H\u00fclse ist dann wiederum durch das Langloch im Handlauftr\u00e4ger erreichbar. Auch diese Verbindung ist von au\u00dfen nicht erkennbar.<\/p>\n<p>Die<strong> Felder<\/strong> bestehen aus einem 32,75mm x 1,5mm Rohrrahmen und sind mit F\u00fcllst\u00e4ben der Dimension 12,7mm x 1,5mm gef\u00fcllt. Der Abstand der Freiraum zwischen den St\u00e4ben als auch von Stab zum Rahmen betr\u00e4gt 117mm, somit wird der\u00a0h\u00f6chst zul\u00e4ssige Wert von 120mm sicher unterschritten.<\/p>\n<p>Wir fertigen zehn verschiedene Feldl\u00e4ngen, welche sich jeweils um 130mm verringern.<br \/>\nSomit erreichen wir Abst\u00e4nde zwischen den Pfosten von:<br \/>\n1,67m, 1,54m, 1,41m, 1,28m, 1,15m, 1,02m, 0,89m, 0,76m, 0,63m und 0,50m. (je \u00b1 25mm)<br \/>\nDas Eckfeld \u00fcberbr\u00fcckt beidseitig 0,40m und auch hier k\u00f6nnen die angrenzenden Felder um \u00b1 31mm verschoben werden. Sondergr\u00f6\u00dfen sind m\u00f6glich<\/p>\n<p><a href=\"https:\/\/ie-burmester.de\/wp-content\/uploads\/2015\/12\/skizze_srilanka.jpg\"><img loading=\"lazy\" decoding=\"async\" class=\"wp-image-354 aligncenter\" src=\"https:\/\/ie-burmester.de\/wp-content\/uploads\/2015\/12\/skizze_srilanka-300x155.jpg\" alt=\"skizze_srilanka\" width=\"416\" height=\"215\" srcset=\"https:\/\/ie-burmester.de\/wp-content\/uploads\/2015\/12\/skizze_srilanka-300x155.jpg 300w, https:\/\/ie-burmester.de\/wp-content\/uploads\/2015\/12\/skizze_srilanka.jpg 911w\" sizes=\"auto, (max-width: 416px) 100vw, 416px\" \/><\/a><\/p>\n<p>&nbsp;<\/p>\n<p>&nbsp;<\/p>\n","protected":false},"excerpt":{"rendered":"<p>Details Das Ausgangsmaterial f\u00fcr diese Stecksystem ist Edelstahl in der G\u00fcte V2A (1.4301) \/ AISI304 \/ . Somit ist es witterungsbest\u00e4ndig. Dies Widerstandsf\u00e4higkeit wird durch den Oberfl\u00e4chenschliff mit 400 Korn noch verbessert. Dieser Schliff ist es der f\u00fcr einen edlen Glanz sorgt, ohne dass Fingerabdr\u00fccke st\u00f6rend wirken. Bei diesem Stecksystem sind alle Verbindungen der Pfosten &hellip; <a href=\"https:\/\/ie-burmester.de\/?page_id=331\" class=\"more-link\"><span class=\"screen-reader-text\">Technische Details \/ Auslegung<\/span> weiterlesen <span class=\"meta-nav\">&rarr;<\/span><\/a><\/p>\n","protected":false},"author":1,"featured_media":314,"parent":0,"menu_order":0,"comment_status":"closed","ping_status":"closed","template":"page-templates\/full-width.php","meta":{"footnotes":""},"class_list":["post-331","page","type-page","status-publish","has-post-thumbnail","hentry"],"yoast_head":"<!-- This site is optimized with the Yoast SEO plugin v27.4 - https:\/\/yoast.com\/product\/yoast-seo-wordpress\/ -->\n<title>Technische Details \/ Auslegung - Gesch\u00e4ftsidee<\/title>\n<meta name=\"robots\" content=\"index, follow, max-snippet:-1, max-image-preview:large, max-video-preview:-1\" \/>\n<link rel=\"canonical\" href=\"http:\/\/ie-burmester.de\/?page_id=331\" \/>\n<meta property=\"og:locale\" content=\"de_DE\" \/>\n<meta property=\"og:type\" content=\"article\" \/>\n<meta property=\"og:title\" content=\"Technische Details \/ Auslegung - Gesch\u00e4ftsidee\" \/>\n<meta property=\"og:description\" content=\"Details Das Ausgangsmaterial f\u00fcr diese Stecksystem ist Edelstahl in der G\u00fcte V2A (1.4301) \/ AISI304 \/ . Somit ist es witterungsbest\u00e4ndig. Dies Widerstandsf\u00e4higkeit wird durch den Oberfl\u00e4chenschliff mit 400 Korn noch verbessert. Dieser Schliff ist es der f\u00fcr einen edlen Glanz sorgt, ohne dass Fingerabdr\u00fccke st\u00f6rend wirken. Bei diesem Stecksystem sind alle Verbindungen der Pfosten &hellip; Technische Details \/ Auslegung weiterlesen &rarr;\" \/>\n<meta property=\"og:url\" content=\"http:\/\/ie-burmester.de\/?page_id=331\" \/>\n<meta property=\"og:site_name\" content=\"Gesch\u00e4ftsidee\" \/>\n<meta property=\"article:modified_time\" content=\"2017-04-30T12:54:03+00:00\" \/>\n<meta property=\"og:image\" content=\"http:\/\/ie-burmester.de\/wp-content\/uploads\/2015\/12\/Zeichnung.jpg\" \/>\n\t<meta property=\"og:image:width\" content=\"1448\" \/>\n\t<meta property=\"og:image:height\" content=\"2286\" \/>\n\t<meta property=\"og:image:type\" content=\"image\/jpeg\" \/>\n<meta name=\"twitter:label1\" content=\"Gesch\u00e4tzte Lesezeit\" \/>\n\t<meta name=\"twitter:data1\" content=\"2\u00a0Minuten\" \/>\n<script type=\"application\/ld+json\" class=\"yoast-schema-graph\">{\"@context\":\"https:\\\/\\\/schema.org\",\"@graph\":[{\"@type\":\"WebPage\",\"@id\":\"http:\\\/\\\/ie-burmester.de\\\/?page_id=331\",\"url\":\"http:\\\/\\\/ie-burmester.de\\\/?page_id=331\",\"name\":\"Technische Details \\\/ Auslegung - Gesch\u00e4ftsidee\",\"isPartOf\":{\"@id\":\"http:\\\/\\\/ie-burmester.de\\\/#website\"},\"primaryImageOfPage\":{\"@id\":\"http:\\\/\\\/ie-burmester.de\\\/?page_id=331#primaryimage\"},\"image\":{\"@id\":\"http:\\\/\\\/ie-burmester.de\\\/?page_id=331#primaryimage\"},\"thumbnailUrl\":\"https:\\\/\\\/ie-burmester.de\\\/wp-content\\\/uploads\\\/2015\\\/12\\\/Zeichnung.jpg\",\"datePublished\":\"2015-12-06T14:31:20+00:00\",\"dateModified\":\"2017-04-30T12:54:03+00:00\",\"breadcrumb\":{\"@id\":\"http:\\\/\\\/ie-burmester.de\\\/?page_id=331#breadcrumb\"},\"inLanguage\":\"de\",\"potentialAction\":[{\"@type\":\"ReadAction\",\"target\":[\"http:\\\/\\\/ie-burmester.de\\\/?page_id=331\"]}]},{\"@type\":\"ImageObject\",\"inLanguage\":\"de\",\"@id\":\"http:\\\/\\\/ie-burmester.de\\\/?page_id=331#primaryimage\",\"url\":\"https:\\\/\\\/ie-burmester.de\\\/wp-content\\\/uploads\\\/2015\\\/12\\\/Zeichnung.jpg\",\"contentUrl\":\"https:\\\/\\\/ie-burmester.de\\\/wp-content\\\/uploads\\\/2015\\\/12\\\/Zeichnung.jpg\",\"width\":1448,\"height\":2286},{\"@type\":\"BreadcrumbList\",\"@id\":\"http:\\\/\\\/ie-burmester.de\\\/?page_id=331#breadcrumb\",\"itemListElement\":[{\"@type\":\"ListItem\",\"position\":1,\"name\":\"Home\",\"item\":\"http:\\\/\\\/ie-burmester.de\\\/\"},{\"@type\":\"ListItem\",\"position\":2,\"name\":\"Technische Details \\\/ Auslegung\"}]},{\"@type\":\"WebSite\",\"@id\":\"http:\\\/\\\/ie-burmester.de\\\/#website\",\"url\":\"http:\\\/\\\/ie-burmester.de\\\/\",\"name\":\"Gesch\u00e4ftsidee\",\"description\":\"Startseite\",\"potentialAction\":[{\"@type\":\"SearchAction\",\"target\":{\"@type\":\"EntryPoint\",\"urlTemplate\":\"http:\\\/\\\/ie-burmester.de\\\/?s={search_term_string}\"},\"query-input\":{\"@type\":\"PropertyValueSpecification\",\"valueRequired\":true,\"valueName\":\"search_term_string\"}}],\"inLanguage\":\"de\"}]}<\/script>\n<!-- \/ Yoast SEO plugin. -->","yoast_head_json":{"title":"Technische Details \/ Auslegung - Gesch\u00e4ftsidee","robots":{"index":"index","follow":"follow","max-snippet":"max-snippet:-1","max-image-preview":"max-image-preview:large","max-video-preview":"max-video-preview:-1"},"canonical":"http:\/\/ie-burmester.de\/?page_id=331","og_locale":"de_DE","og_type":"article","og_title":"Technische Details \/ Auslegung - Gesch\u00e4ftsidee","og_description":"Details Das Ausgangsmaterial f\u00fcr diese Stecksystem ist Edelstahl in der G\u00fcte V2A (1.4301) \/ AISI304 \/ . Somit ist es witterungsbest\u00e4ndig. Dies Widerstandsf\u00e4higkeit wird durch den Oberfl\u00e4chenschliff mit 400 Korn noch verbessert. Dieser Schliff ist es der f\u00fcr einen edlen Glanz sorgt, ohne dass Fingerabdr\u00fccke st\u00f6rend wirken. Bei diesem Stecksystem sind alle Verbindungen der Pfosten &hellip; Technische Details \/ Auslegung weiterlesen &rarr;","og_url":"http:\/\/ie-burmester.de\/?page_id=331","og_site_name":"Gesch\u00e4ftsidee","article_modified_time":"2017-04-30T12:54:03+00:00","og_image":[{"width":1448,"height":2286,"url":"http:\/\/ie-burmester.de\/wp-content\/uploads\/2015\/12\/Zeichnung.jpg","type":"image\/jpeg"}],"twitter_misc":{"Gesch\u00e4tzte Lesezeit":"2\u00a0Minuten"},"schema":{"@context":"https:\/\/schema.org","@graph":[{"@type":"WebPage","@id":"http:\/\/ie-burmester.de\/?page_id=331","url":"http:\/\/ie-burmester.de\/?page_id=331","name":"Technische Details \/ Auslegung - Gesch\u00e4ftsidee","isPartOf":{"@id":"http:\/\/ie-burmester.de\/#website"},"primaryImageOfPage":{"@id":"http:\/\/ie-burmester.de\/?page_id=331#primaryimage"},"image":{"@id":"http:\/\/ie-burmester.de\/?page_id=331#primaryimage"},"thumbnailUrl":"https:\/\/ie-burmester.de\/wp-content\/uploads\/2015\/12\/Zeichnung.jpg","datePublished":"2015-12-06T14:31:20+00:00","dateModified":"2017-04-30T12:54:03+00:00","breadcrumb":{"@id":"http:\/\/ie-burmester.de\/?page_id=331#breadcrumb"},"inLanguage":"de","potentialAction":[{"@type":"ReadAction","target":["http:\/\/ie-burmester.de\/?page_id=331"]}]},{"@type":"ImageObject","inLanguage":"de","@id":"http:\/\/ie-burmester.de\/?page_id=331#primaryimage","url":"https:\/\/ie-burmester.de\/wp-content\/uploads\/2015\/12\/Zeichnung.jpg","contentUrl":"https:\/\/ie-burmester.de\/wp-content\/uploads\/2015\/12\/Zeichnung.jpg","width":1448,"height":2286},{"@type":"BreadcrumbList","@id":"http:\/\/ie-burmester.de\/?page_id=331#breadcrumb","itemListElement":[{"@type":"ListItem","position":1,"name":"Home","item":"http:\/\/ie-burmester.de\/"},{"@type":"ListItem","position":2,"name":"Technische Details \/ Auslegung"}]},{"@type":"WebSite","@id":"http:\/\/ie-burmester.de\/#website","url":"http:\/\/ie-burmester.de\/","name":"Gesch\u00e4ftsidee","description":"Startseite","potentialAction":[{"@type":"SearchAction","target":{"@type":"EntryPoint","urlTemplate":"http:\/\/ie-burmester.de\/?s={search_term_string}"},"query-input":{"@type":"PropertyValueSpecification","valueRequired":true,"valueName":"search_term_string"}}],"inLanguage":"de"}]}},"_links":{"self":[{"href":"https:\/\/ie-burmester.de\/index.php?rest_route=\/wp\/v2\/pages\/331","targetHints":{"allow":["GET"]}}],"collection":[{"href":"https:\/\/ie-burmester.de\/index.php?rest_route=\/wp\/v2\/pages"}],"about":[{"href":"https:\/\/ie-burmester.de\/index.php?rest_route=\/wp\/v2\/types\/page"}],"author":[{"embeddable":true,"href":"https:\/\/ie-burmester.de\/index.php?rest_route=\/wp\/v2\/users\/1"}],"replies":[{"embeddable":true,"href":"https:\/\/ie-burmester.de\/index.php?rest_route=%2Fwp%2Fv2%2Fcomments&post=331"}],"version-history":[{"count":21,"href":"https:\/\/ie-burmester.de\/index.php?rest_route=\/wp\/v2\/pages\/331\/revisions"}],"predecessor-version":[{"id":554,"href":"https:\/\/ie-burmester.de\/index.php?rest_route=\/wp\/v2\/pages\/331\/revisions\/554"}],"wp:featuredmedia":[{"embeddable":true,"href":"https:\/\/ie-burmester.de\/index.php?rest_route=\/wp\/v2\/media\/314"}],"wp:attachment":[{"href":"https:\/\/ie-burmester.de\/index.php?rest_route=%2Fwp%2Fv2%2Fmedia&parent=331"}],"curies":[{"name":"wp","href":"https:\/\/api.w.org\/{rel}","templated":true}]}}