{"id":51,"date":"2022-05-19T10:16:28","date_gmt":"2022-05-19T09:16:28","guid":{"rendered":"http:\/\/ie-burmester.de\/?page_id=51"},"modified":"2022-07-17T11:41:32","modified_gmt":"2022-07-17T10:41:32","slug":"ie-powerbox","status":"publish","type":"page","link":"https:\/\/ie-burmester.de\/?page_id=51","title":{"rendered":"IE-PowerBox"},"content":{"rendered":"\n<p>Die IE-PowerBox ist eine gebrauchsmustergesch\u00fctzte Vorrichtung zur Entfernung von Anlauffarben nach dem Schwei\u00dfprozess und wird in Verbindung mit Ihrem Schwei\u00dfger\u00e4t mit AC oder DC Spannungsausgang betrieben.<\/p>\n\n\n\n<p>Sie wirkt als \u201eStrombremse\u201c und reduziert so den Stromfluss im Schutzkreis Ihres Schwei\u00dfger\u00e4tes WIG \/ TIG oder MMA (Elektrodenschwei\u00dfger\u00e4t) und erm\u00f6glicht es Ihnen so, eine Reinigung der Schwei\u00dfn\u00e4hte mit Kohlefaserpinseln und einem Reinigungselektrolyt vorzunehmen. Da Ihr Schwei\u00dfger\u00e4t im unteren Leistungsbereich betrieben wird, ist eine Besch\u00e4digung dessen nicht m\u00f6glich.<\/p>\n\n\n\n<p>Die IE-PowerBox hat keinen Stromanschluss und darf nur in Reihe im Schwei\u00dfstromkreis eines Schwei\u00dfger\u00e4tes betrieben werden. Mittels einer 8 stufigen Einstellm\u00f6glichkeit kann die Leistung angepasst werden, um im optimalen Arbeitsbereich des Pinsels zu arbeiten. Hierbei sind Reinigungsleistungen von 800 bis 1400 Watt m\u00f6glich.&nbsp;<\/p>\n\n\n\n<p>Am besten wird das Reinigungsergebnis mit einer Wechselspannung (AC). Hierf\u00fcr sind besonders gut Elektrodenschwei\u00dfger\u00e4te mit Transformatoren geeignet, jedoch ist die Funktion auch mit Gleichspannung (DC) oder (AC) moderner Inverter Schwei\u00dfger\u00e4te gegeben. Im Lieferumfang enthalten sind ebenfalls 500ml IE-PowerCleaner, unser Reinigungselektrolyt, und zwei Kohlefaserpinsel;&nbsp;1x f\u00fcr WIG Brenner nach Wahl und 1x f\u00fcr Reinigungshandst\u00fcck.&nbsp;<\/p>\n\n\n\n<p>Somit k\u00f6nnen Sie direkt mit der Reinigung starten. Je nach Gr\u00f6\u00dfe des zu reinigenden Bereiches gen\u00fcgt dieses Zubeh\u00f6r (Pinsel und Elektrolyt) f\u00fcr ca. 200 Schwei\u00dfn\u00e4hte.<\/p>\n\n\n\n<p>Sie erhalten zwei Jahre Garantie auf die IE-PowerBox bei sachgem\u00e4\u00dfer Anwendung.<\/p>\n\n\n\n<p>Lieferumfang:<\/p>\n\n\n\n<ul class=\"wp-block-list\"><li>IE-PowerBox<\/li><li>Reinigungskabel mit Handst\u00fcck<\/li><li>Massekabel mit Werkst\u00fcckklemme&nbsp;<\/li><li>Anschlussst\u00fcck mit 9mm Dorn&nbsp;<\/li><li>Leergef\u00e4\u00df f\u00fcr Reinigungselektrolyt als Arbeitsbeh\u00e4lter. (nicht f\u00fcr Transport)&nbsp;<\/li><li>deutschsprachiger Gebrauchsanweisung (auch auf unser Homepage)<\/li><li>1x Kohlefaserpinsel f\u00fcr Reinigungshandst\u00fcck mit Stift.<\/li><li>1x Kohlefaserpinsel f\u00fcr WIG Brenner 17er, 18er, oder 26er.<\/li><li>500ml IE-PowerCleaner (Sicherheitsdatenblatt auf unserer Homepage)<\/li><li>Transporttasche f\u00fcr Zubeh\u00f6r<\/li><\/ul>\n\n\n\n<figure class=\"wp-block-video\"><video height=\"1080\" style=\"aspect-ratio: 1920 \/ 1080;\" width=\"1920\" controls src=\"https:\/\/ie-burmester.de\/wp-content\/uploads\/2022\/07\/IE-PowerBox-2_max.mp4\"><\/video><\/figure>\n\n\n\n<figure class=\"wp-block-image size-large is-resized\"><a href=\"https:\/\/ie-burmester.de\/wp-content\/uploads\/2022\/05\/11_Power-Adapter-Funktion_MMA-WIG_fuer-Gebr.anweisung_19.02.2022vsdx_Seite_2.png\"><img decoding=\"async\" src=\"https:\/\/ie-burmester.de\/wp-content\/uploads\/2022\/05\/11_Power-Adapter-Funktion_MMA-WIG_fuer-Gebr.anweisung_19.02.2022vsdx_Seite_2-edited.png\" alt=\"\" class=\"wp-image-1378\" width=\"802\" srcset=\"https:\/\/ie-burmester.de\/wp-content\/uploads\/2022\/05\/11_Power-Adapter-Funktion_MMA-WIG_fuer-Gebr.anweisung_19.02.2022vsdx_Seite_2-edited.png 1059w, https:\/\/ie-burmester.de\/wp-content\/uploads\/2022\/05\/11_Power-Adapter-Funktion_MMA-WIG_fuer-Gebr.anweisung_19.02.2022vsdx_Seite_2-edited-300x212.png 300w, https:\/\/ie-burmester.de\/wp-content\/uploads\/2022\/05\/11_Power-Adapter-Funktion_MMA-WIG_fuer-Gebr.anweisung_19.02.2022vsdx_Seite_2-edited-1024x723.png 1024w, https:\/\/ie-burmester.de\/wp-content\/uploads\/2022\/05\/11_Power-Adapter-Funktion_MMA-WIG_fuer-Gebr.anweisung_19.02.2022vsdx_Seite_2-edited-768x542.png 768w\" sizes=\"(max-width: 1059px) 100vw, 1059px\" \/><\/a><\/figure>\n\n\n\n<figure class=\"wp-block-image size-large\"><a href=\"https:\/\/ie-burmester.de\/wp-content\/uploads\/2022\/05\/10_Power-Adapter-Funktion_MMA-WIG_fuer-Gebr.anweisung_19.02.2022vsdx_Seite_1-1.png\"><img loading=\"lazy\" decoding=\"async\" width=\"1059\" height=\"748\" src=\"https:\/\/ie-burmester.de\/wp-content\/uploads\/2022\/05\/10_Power-Adapter-Funktion_MMA-WIG_fuer-Gebr.anweisung_19.02.2022vsdx_Seite_1-1-edited.png\" alt=\"\" class=\"wp-image-1382\" srcset=\"https:\/\/ie-burmester.de\/wp-content\/uploads\/2022\/05\/10_Power-Adapter-Funktion_MMA-WIG_fuer-Gebr.anweisung_19.02.2022vsdx_Seite_1-1-edited.png 1059w, https:\/\/ie-burmester.de\/wp-content\/uploads\/2022\/05\/10_Power-Adapter-Funktion_MMA-WIG_fuer-Gebr.anweisung_19.02.2022vsdx_Seite_1-1-edited-300x212.png 300w, https:\/\/ie-burmester.de\/wp-content\/uploads\/2022\/05\/10_Power-Adapter-Funktion_MMA-WIG_fuer-Gebr.anweisung_19.02.2022vsdx_Seite_1-1-edited-1024x723.png 1024w, https:\/\/ie-burmester.de\/wp-content\/uploads\/2022\/05\/10_Power-Adapter-Funktion_MMA-WIG_fuer-Gebr.anweisung_19.02.2022vsdx_Seite_1-1-edited-768x542.png 768w\" sizes=\"auto, (max-width: 1059px) 100vw, 1059px\" \/><\/a><\/figure>\n\n\n\n<div data-wp-interactive=\"core\/file\" class=\"wp-block-file\"><object data-wp-bind--hidden=\"!state.hasPdfPreview\" hidden class=\"wp-block-file__embed\" data=\"https:\/\/ie-burmester.de\/wp-content\/uploads\/2022\/07\/Gebrauchsanweisung_-IE-PowerBox_17.07.2022.pdf\" type=\"application\/pdf\" style=\"width:100%;height:600px\" aria-label=\"Einbettung von Einbettung von Gebrauchsanweisung_-IE-PowerBox_17.07.2022..\"><\/object><a id=\"wp-block-file--media-585c3c35-45b2-49bf-abc4-427ebf448f69\" href=\"https:\/\/ie-burmester.de\/wp-content\/uploads\/2022\/07\/Gebrauchsanweisung_-IE-PowerBox_17.07.2022.pdf\">Gebrauchsanweisung_-IE-PowerBox_17.07.2022<\/a><a href=\"https:\/\/ie-burmester.de\/wp-content\/uploads\/2022\/07\/Gebrauchsanweisung_-IE-PowerBox_17.07.2022.pdf\" class=\"wp-block-file__button\" download aria-describedby=\"wp-block-file--media-585c3c35-45b2-49bf-abc4-427ebf448f69\">Herunterladen<\/a><\/div>\n","protected":false},"excerpt":{"rendered":"<p>Die IE-PowerBox ist eine gebrauchsmustergesch\u00fctzte Vorrichtung zur Entfernung von Anlauffarben nach dem Schwei\u00dfprozess und wird in Verbindung mit Ihrem Schwei\u00dfger\u00e4t mit AC oder DC Spannungsausgang betrieben. Sie wirkt als \u201eStrombremse\u201c und reduziert so den Stromfluss im Schutzkreis Ihres Schwei\u00dfger\u00e4tes WIG \/ TIG oder MMA (Elektrodenschwei\u00dfger\u00e4t) und erm\u00f6glicht es Ihnen so, eine Reinigung der Schwei\u00dfn\u00e4hte mit &hellip; <a href=\"https:\/\/ie-burmester.de\/?page_id=51\" class=\"more-link\"><span class=\"screen-reader-text\">IE-PowerBox<\/span> weiterlesen <span class=\"meta-nav\">&rarr;<\/span><\/a><\/p>\n","protected":false},"author":1,"featured_media":1365,"parent":0,"menu_order":-1,"comment_status":"closed","ping_status":"closed","template":"","meta":{"footnotes":""},"class_list":["post-51","page","type-page","status-publish","has-post-thumbnail","hentry"],"yoast_head":"<!-- This site is optimized with the Yoast SEO plugin v27.4 - https:\/\/yoast.com\/product\/yoast-seo-wordpress\/ -->\n<title>IE-PowerBox - Gesch\u00e4ftsidee<\/title>\n<meta name=\"description\" content=\"Schwei\u00dfnahtreinigung mit dem Schwei\u00dfger\u00e4t zur Entfernung von Anlauffarben. F\u00fcr 289,-- Euro gibt es ein Komplettset!\" \/>\n<meta name=\"robots\" content=\"index, follow, max-snippet:-1, max-image-preview:large, max-video-preview:-1\" \/>\n<link rel=\"canonical\" href=\"http:\/\/ie-burmester.de\/?page_id=51\" \/>\n<meta property=\"og:locale\" content=\"de_DE\" \/>\n<meta property=\"og:type\" content=\"article\" \/>\n<meta property=\"og:title\" content=\"IE-PowerBox - Gesch\u00e4ftsidee\" \/>\n<meta property=\"og:description\" content=\"Schwei\u00dfnahtreinigung mit dem Schwei\u00dfger\u00e4t zur Entfernung von Anlauffarben. F\u00fcr 289,-- Euro gibt es ein Komplettset!\" \/>\n<meta property=\"og:url\" content=\"http:\/\/ie-burmester.de\/?page_id=51\" \/>\n<meta property=\"og:site_name\" content=\"Gesch\u00e4ftsidee\" \/>\n<meta property=\"article:modified_time\" content=\"2022-07-17T10:41:32+00:00\" \/>\n<meta property=\"og:image\" content=\"http:\/\/ie-burmester.de\/wp-content\/uploads\/2022\/05\/02_Frei-Anschluss.jpg\" \/>\n\t<meta property=\"og:image:width\" content=\"1453\" \/>\n\t<meta property=\"og:image:height\" content=\"899\" \/>\n\t<meta property=\"og:image:type\" content=\"image\/jpeg\" \/>\n<meta name=\"twitter:label1\" content=\"Gesch\u00e4tzte Lesezeit\" \/>\n\t<meta name=\"twitter:data1\" content=\"2\u00a0Minuten\" \/>\n<script type=\"application\/ld+json\" class=\"yoast-schema-graph\">{\"@context\":\"https:\\\/\\\/schema.org\",\"@graph\":[{\"@type\":\"WebPage\",\"@id\":\"http:\\\/\\\/ie-burmester.de\\\/?page_id=51\",\"url\":\"http:\\\/\\\/ie-burmester.de\\\/?page_id=51\",\"name\":\"IE-PowerBox - Gesch\u00e4ftsidee\",\"isPartOf\":{\"@id\":\"http:\\\/\\\/ie-burmester.de\\\/#website\"},\"primaryImageOfPage\":{\"@id\":\"http:\\\/\\\/ie-burmester.de\\\/?page_id=51#primaryimage\"},\"image\":{\"@id\":\"http:\\\/\\\/ie-burmester.de\\\/?page_id=51#primaryimage\"},\"thumbnailUrl\":\"https:\\\/\\\/ie-burmester.de\\\/wp-content\\\/uploads\\\/2022\\\/05\\\/02_Frei-Anschluss.jpg\",\"datePublished\":\"2022-05-19T09:16:28+00:00\",\"dateModified\":\"2022-07-17T10:41:32+00:00\",\"description\":\"Schwei\u00dfnahtreinigung mit dem Schwei\u00dfger\u00e4t zur Entfernung von Anlauffarben. F\u00fcr 289,-- Euro gibt es ein Komplettset!\",\"breadcrumb\":{\"@id\":\"http:\\\/\\\/ie-burmester.de\\\/?page_id=51#breadcrumb\"},\"inLanguage\":\"de\",\"potentialAction\":[{\"@type\":\"ReadAction\",\"target\":[\"http:\\\/\\\/ie-burmester.de\\\/?page_id=51\"]}]},{\"@type\":\"ImageObject\",\"inLanguage\":\"de\",\"@id\":\"http:\\\/\\\/ie-burmester.de\\\/?page_id=51#primaryimage\",\"url\":\"https:\\\/\\\/ie-burmester.de\\\/wp-content\\\/uploads\\\/2022\\\/05\\\/02_Frei-Anschluss.jpg\",\"contentUrl\":\"https:\\\/\\\/ie-burmester.de\\\/wp-content\\\/uploads\\\/2022\\\/05\\\/02_Frei-Anschluss.jpg\",\"width\":1453,\"height\":899},{\"@type\":\"BreadcrumbList\",\"@id\":\"http:\\\/\\\/ie-burmester.de\\\/?page_id=51#breadcrumb\",\"itemListElement\":[{\"@type\":\"ListItem\",\"position\":1,\"name\":\"Home\",\"item\":\"http:\\\/\\\/ie-burmester.de\\\/\"},{\"@type\":\"ListItem\",\"position\":2,\"name\":\"IE-PowerBox\"}]},{\"@type\":\"WebSite\",\"@id\":\"http:\\\/\\\/ie-burmester.de\\\/#website\",\"url\":\"http:\\\/\\\/ie-burmester.de\\\/\",\"name\":\"Gesch\u00e4ftsidee\",\"description\":\"Startseite\",\"potentialAction\":[{\"@type\":\"SearchAction\",\"target\":{\"@type\":\"EntryPoint\",\"urlTemplate\":\"http:\\\/\\\/ie-burmester.de\\\/?s={search_term_string}\"},\"query-input\":{\"@type\":\"PropertyValueSpecification\",\"valueRequired\":true,\"valueName\":\"search_term_string\"}}],\"inLanguage\":\"de\"}]}<\/script>\n<!-- \/ Yoast SEO plugin. -->","yoast_head_json":{"title":"IE-PowerBox - Gesch\u00e4ftsidee","description":"Schwei\u00dfnahtreinigung mit dem Schwei\u00dfger\u00e4t zur Entfernung von Anlauffarben. F\u00fcr 289,-- Euro gibt es ein Komplettset!","robots":{"index":"index","follow":"follow","max-snippet":"max-snippet:-1","max-image-preview":"max-image-preview:large","max-video-preview":"max-video-preview:-1"},"canonical":"http:\/\/ie-burmester.de\/?page_id=51","og_locale":"de_DE","og_type":"article","og_title":"IE-PowerBox - Gesch\u00e4ftsidee","og_description":"Schwei\u00dfnahtreinigung mit dem Schwei\u00dfger\u00e4t zur Entfernung von Anlauffarben. F\u00fcr 289,-- Euro gibt es ein Komplettset!","og_url":"http:\/\/ie-burmester.de\/?page_id=51","og_site_name":"Gesch\u00e4ftsidee","article_modified_time":"2022-07-17T10:41:32+00:00","og_image":[{"width":1453,"height":899,"url":"http:\/\/ie-burmester.de\/wp-content\/uploads\/2022\/05\/02_Frei-Anschluss.jpg","type":"image\/jpeg"}],"twitter_misc":{"Gesch\u00e4tzte Lesezeit":"2\u00a0Minuten"},"schema":{"@context":"https:\/\/schema.org","@graph":[{"@type":"WebPage","@id":"http:\/\/ie-burmester.de\/?page_id=51","url":"http:\/\/ie-burmester.de\/?page_id=51","name":"IE-PowerBox - Gesch\u00e4ftsidee","isPartOf":{"@id":"http:\/\/ie-burmester.de\/#website"},"primaryImageOfPage":{"@id":"http:\/\/ie-burmester.de\/?page_id=51#primaryimage"},"image":{"@id":"http:\/\/ie-burmester.de\/?page_id=51#primaryimage"},"thumbnailUrl":"https:\/\/ie-burmester.de\/wp-content\/uploads\/2022\/05\/02_Frei-Anschluss.jpg","datePublished":"2022-05-19T09:16:28+00:00","dateModified":"2022-07-17T10:41:32+00:00","description":"Schwei\u00dfnahtreinigung mit dem Schwei\u00dfger\u00e4t zur Entfernung von Anlauffarben. F\u00fcr 289,-- Euro gibt es ein Komplettset!","breadcrumb":{"@id":"http:\/\/ie-burmester.de\/?page_id=51#breadcrumb"},"inLanguage":"de","potentialAction":[{"@type":"ReadAction","target":["http:\/\/ie-burmester.de\/?page_id=51"]}]},{"@type":"ImageObject","inLanguage":"de","@id":"http:\/\/ie-burmester.de\/?page_id=51#primaryimage","url":"https:\/\/ie-burmester.de\/wp-content\/uploads\/2022\/05\/02_Frei-Anschluss.jpg","contentUrl":"https:\/\/ie-burmester.de\/wp-content\/uploads\/2022\/05\/02_Frei-Anschluss.jpg","width":1453,"height":899},{"@type":"BreadcrumbList","@id":"http:\/\/ie-burmester.de\/?page_id=51#breadcrumb","itemListElement":[{"@type":"ListItem","position":1,"name":"Home","item":"http:\/\/ie-burmester.de\/"},{"@type":"ListItem","position":2,"name":"IE-PowerBox"}]},{"@type":"WebSite","@id":"http:\/\/ie-burmester.de\/#website","url":"http:\/\/ie-burmester.de\/","name":"Gesch\u00e4ftsidee","description":"Startseite","potentialAction":[{"@type":"SearchAction","target":{"@type":"EntryPoint","urlTemplate":"http:\/\/ie-burmester.de\/?s={search_term_string}"},"query-input":{"@type":"PropertyValueSpecification","valueRequired":true,"valueName":"search_term_string"}}],"inLanguage":"de"}]}},"_links":{"self":[{"href":"https:\/\/ie-burmester.de\/index.php?rest_route=\/wp\/v2\/pages\/51","targetHints":{"allow":["GET"]}}],"collection":[{"href":"https:\/\/ie-burmester.de\/index.php?rest_route=\/wp\/v2\/pages"}],"about":[{"href":"https:\/\/ie-burmester.de\/index.php?rest_route=\/wp\/v2\/types\/page"}],"author":[{"embeddable":true,"href":"https:\/\/ie-burmester.de\/index.php?rest_route=\/wp\/v2\/users\/1"}],"replies":[{"embeddable":true,"href":"https:\/\/ie-burmester.de\/index.php?rest_route=%2Fwp%2Fv2%2Fcomments&post=51"}],"version-history":[{"count":6,"href":"https:\/\/ie-burmester.de\/index.php?rest_route=\/wp\/v2\/pages\/51\/revisions"}],"predecessor-version":[{"id":1462,"href":"https:\/\/ie-burmester.de\/index.php?rest_route=\/wp\/v2\/pages\/51\/revisions\/1462"}],"wp:featuredmedia":[{"embeddable":true,"href":"https:\/\/ie-burmester.de\/index.php?rest_route=\/wp\/v2\/media\/1365"}],"wp:attachment":[{"href":"https:\/\/ie-burmester.de\/index.php?rest_route=%2Fwp%2Fv2%2Fmedia&parent=51"}],"curies":[{"name":"wp","href":"https:\/\/api.w.org\/{rel}","templated":true}]}}